{"id":13090,"date":"2023-02-03T15:36:39","date_gmt":"2023-02-03T15:36:39","guid":{"rendered":"https:\/\/place-network.org\/?page_id=13090"},"modified":"2023-10-12T13:14:05","modified_gmt":"2023-10-12T13:14:05","slug":"get-involved-with-place","status":"publish","type":"page","link":"https:\/\/place-network.org\/fr\/get-involved-with-place\/","title":{"rendered":"Impliquez-vous avec PLACE"},"content":{"rendered":"<p>[et_pb_section fb_built=\u201d1\u2033 _builder_version=\u201d4.16\u2033 background_color=\u201d#FFFFFF\u201d use_background_color_gradient=\u201don\u201d background_color_gradient_direction=\u201d14deg\u201d background_color_gradient_stops=\u201d#ffffff 62%|#ffffff 62%\u201d background_color_gradient_start=\u201d#ffffff\u201d background_color_gradient_start_position=\u201d62%\u201d background_color_gradient_end=\u201d#ffffff\u201d background_color_gradient_end_position=\u201d23%\u201d custom_margin=\u201d||0px||false|false\u201d global_colors_info=\u201d{}\u201d][et_pb_row _builder_version=\u201d4.16\u2033 background_enable_image=&quot;off&quot; max_width=&quot;100%&quot; custom_margin=&quot;||||false|false&quot; custom_padding=&quot;0px||0px||false|false&quot; background_last_edited=&quot;on|desktop&quot; background_enable_image_tablet=&quot;off&quot; global_colors_info=&quot;{}&quot;][et_pb_column type=&quot;4_4&quot; _builder_version=&quot;4.16&quot; background_enable_image=&quot;off&quot; global_colors_info=&quot;{}&quot;][et_pb_text _builder_version=&quot;4.16&quot; _module_preset=&quot;default&quot; text_font=&quot;Montserrat|700|||||||&quot; text_text_color=\u201d#000000\u2033 text_font_size=\u201d17px\u201d text_line_height=\u201d1.5em\u201d header_font=\u201dSequel Body Bold Text||||||||\u201d header_font_size=\u201d51px\u201d text_orientation=\u201dcenter\u201d custom_margin=\u201d-14px||-38px||false|false\u201d custom_padding=\u201d0px||||false|false\u201d header_font_size_tablet=\u201d51px\u201d header_font_size_phone=\u201d24px\u201d header_font_size_last_edited=\u201don|phone\u201d global_colors_info=\u201d{}\u201d]<\/p>\n<h1 style=\"text-align: center;\">IMPLIQUEZ-VOUS DANS LA VILLE<\/h1>\n<p>&nbsp;<\/p>\n<p>[\/et_pb_text][\/et_pb_column][\/et_pb_row][et_pb_row column_structure=\u201d1_2,1_2\u2033 _builder_version=\u201d4.16\u2033 background_enable_image=\u201doff\u201d max_width=\u201d100%\u201d custom_margin=\u201d65px||||false|false\u201d custom_padding=\u201d0px||0px||false|false\u201d background_last_edited=\u201don|desktop\u201d background_enable_image_tablet=\u201doff\u201d global_colors_info=\u201d{}\u201d][et_pb_column type=\u201d1_2\u2033 _builder_version=\u201d4.16\u2033 background_enable_image=\u201doff\u201d global_colors_info=\u201d{}\u201d][et_pb_image src=&quot;https:\/\/place-network.org\/wp-content\/uploads\/2023\/02\/DSC09718.jpg&quot; title_text=&quot;DSC09718&quot; disabled_on=&quot;on|off|off&quot; _builder_version=&quot;4.16&quot; _module_preset=&quot;default&quot; custom_margin=&quot;6px|0px||-147px|false|false&quot; custom_margin_tablet=&quot;44px|-152px||-36px|false|false&quot; custom_margin_phone=&quot;27px|-152px||-36px|false|false&quot; custom_margin_last_edited=&quot;on|phone&quot; global_colors_info=&quot;{}&quot;][\/et_pb_image][\/et_pb_column][et_pb_column type=&quot;1_2&quot; _builder_version=\u201d4.16\u2033 background_enable_image=\u201doff\u201d global_colors_info=\u201d{}\u201d][et_pb_text _builder_version=\u201d4.16\u2033 _module_preset=\u201ddefault\u201d text_font_size=\u201d16px\u201d header_2_font=\u201dMontserrat|500|||||||\u201d header_2_text_align=\u201djustify\u201d header_2_text_color=\u201d#000000\u2033 header_2_font_size=\u201d19px\u201d header_2_line_height=\u201d1.2em\u201d custom_margin=\u201d9px|-77px||-10px|false|false\u201d global_colors_info=\u201d{}\u201d]<\/p>\n<h2 style=\"text-align: left;\"><span><\/span><\/h2>\n<h2 style=\"text-align: left;\"><span style=\"font-size: large;\">Impliquez-vous et faites un <strong>impact positif sur la vie des nouveaux arrivants<\/strong> en rejoignant notre initiative communautaire pour les soutenir <strong>favoriser leur int\u00e9gration et les aider \u00e0 trouver leur place dans la soci\u00e9t\u00e9 d&#039;accueil<\/strong>Contribuez \u00e0 la solution et cr\u00e9ez un <strong>un environnement accueillant pour tous<\/strong>.<\/span><\/h2>\n<p>[et_pb_text][et_pb_button button_url=\u201dhttps:\/\/place-network.org\/become-a-volunteer-at-place\/\u201d url_new_window=\u201don\u201d button_text=\u201dDevenez b\u00e9n\u00e9vole chez PLACE\u201d button_alignment=\u201dcenter\u201d _builder_version=\u201d4.16\u2033 _module_preset=\u201ddefault\u201d custom_button=\u201don\u201d button_text_size=\u201d22px\u201d button_text_color=\u201d#FFFFFF\u201d button_bg_color=\u201d#ff5c21\u2033 button_border_width=\u201d0px\u201d button_border_color=\u201d#ff5c21\u2033 button_border_radius=\u201d12px\u201d background_layout=\u201ddark\u201d custom_margin=\u201d8px|||50px|false|false\u201d global_colors_info=\u201d{}\u201d][\/et_pb_button][et_pb_button button_url=\u201dhttps:\/\/place-network.org\/apply-for-the-programs\/\u201d url_new_window=\u201don\u201d button_text=\u201dCandidature aux programmes PLACE\u201d button_alignment=\u201dcenter\u201d _builder_version=\u201d4.16\u2033 _module_preset=\u201ddefault\u201d custom_button=\u201don\u201d button_text_size=\u201d22px\u201d button_text_color=\u201d#FFFFFF\u201d button_bg_color=\u201d#ff5c21\u2033 button_border_width=\u201d0px\u201d button_border_color=\u201d#ff5c21\u2033 button_border_radius=\u201d12px\u201d background_layout=\u201ddark\u201d custom_margin=\u201d8px|||50px|false|false\u201d global_colors_info=\u201d{}\u201d][\/et_pb_button][et_pb_button button_url=\u201dhttps:\/\/place-network.org\/work-with-place\/\u201d url_new_window=\u201don\u201d button_text=\u201dDevenez partenaire\u201d button_alignment=\u201dcenter\u201d _builder_version=\u201d4.22.1\u2033 _module_preset=\u201ddefault\u201d custom_button=\u201don\u201d button_text_size=\u201d22px\u201d button_text_color=\u201d#FFFFFF\u201d button_bg_color=\u201d#ff5c21\u2033 button_border_width=\u201d0px\u201d button_border_color=\u201d#ff5c21\u2033 button_border_radius=\u201d12px\u201d background_layout=\u201ddark\u201d custom_margin=\u201d8px|||50px|false|false\u201d hover_enabled=\u201d0\u2033 global_colors_info=&quot;{}&quot; sticky_enabled=&quot;0&quot;][\/et_pb_button][\/et_pb_column][\/et_pb_row][\/et_pb_section][et_pb_section fb_built=&quot;1&quot; _builder_version=&quot;4.16&quot; _module_preset=&quot;default&quot; background_color=&quot;#fcd21d&quot; custom_margin=&quot;-54px|||||&quot; global_colors_info=\u201d{}\u201d][et_pb_row _builder_version=\u201d4.16\u2033 _module_preset=\u201ddefault\u201d width=\u201d95%\u201d max_width=\u201d100%\u201d custom_margin=\u201d-100px||||false|false\u201d global_colors_info=\u201d{}\u201d][et_pb_column type=\u201d4_4\u2033 _builder_version=\u201d4.16\u2033 _module_preset=\u201ddefault\u201d global_colors_info=\u201d{}\u201d][et_pb_text _builder_version=\u201d4.16\u2033 _module_preset=\u201ddefault\u201d text_font=\u201dMontserrat|500|||||||\u201d text_text_color=\u201d#000000\u2033 text_font_size=\u201d16px\u201d header_3_font=\u201dSequel Body Bold Text||||||||\u201d header_3_text_align=\u201dcenter\u201d header_3_text_color=\u201d#FFFFFF\u201d text_orientation=\u201dcenter\u201d custom_margin=\u201d50px||||false|false\u201d global_colors_info=\u201d{}\u201d]<\/p>\n<h3><strong>PLACE acc\u00e9l\u00e8re et fait rayonner l\u2019innovation que les nouveaux arrivants apportent en Europe<\/strong><\/h3>\n<p><strong><\/strong><\/p>\n<p>PLACE d\u00e9fend l\u2019innovation initi\u00e9e et men\u00e9e par les migrants\u00a0: depuis 2016, nous proposons des exp\u00e9riences d'apprentissage transformatrices et innovantes aux nouveaux arrivants et aux soci\u00e9t\u00e9s d'accueil, tout en donnant \u00e9galement aux nouveaux arrivants un espace d'autod\u00e9termination pour trouver leur propre puissance.<\/p>\n<p>Nous y parvenons en concevant et en organisant des programmes et des \u00e9v\u00e9nements, depuis nos laboratoires d&#039;innovation \u00e9ph\u00e9m\u00e8res phares dans les capitales europ\u00e9ennes jusqu&#039;\u00e0 nos bourses en ligne de neuf mois, en passant par des \u00e9v\u00e9nements publics, des retraites, des hackathons, des formations de formateurs, des expositions et bien plus encore. Nos formats sont pilot\u00e9s par des migrants, appliquent des m\u00e9thodologies d&#039;apprentissage de nouvelle g\u00e9n\u00e9ration et des technologies \u00e9ducatives, et impliquent des groupes de 10 \u00e0 100 personnes. Ils partagent tous un objectif commun\u00a0: cr\u00e9er un lien concret entre migration et innovation dans les secteurs concern\u00e9s.<\/p>\n<p>[\/et_pb_text][\/et_pb_column][\/et_pb_row][et_pb_row column_structure=\u201d1_4,1_4,1_4,1_4\u2033 admin_label=\u201dLigne\u201d _builder_version=\u201d4.16\u2033 _module_preset=\u201ddefault\u201d animation_style=\u201dfade\u201d locked=\u201doff\u201d global_colors_info=\u201d{}\u201d][et_pb_column type=\u201d1_4\u2033 _builder_version=\u201d4.16\u2033 _module_preset=\u201ddefault\u201d global_colors_info=\u201d{}\u201d][et_pb_testimonial author=\u201dCamila\u201d job_title=\u201dCITM 2020\u2033 quote_icon_color=\u201d#E09900\u2033 quote_icon_background_color=\u201d#FFFFFF\u201d portrait_width=\u201d156px\u201d use_icon_font_size=\u201don\u201d icon_font_size=\u201d36px\u201d _builder_version=\u201d4.16\u2033 _module_preset=\u201ddefault\u201d company_font_size=\u201d25px\u201d background_color=\u201d#FFFFFF\u201d text_orientation=\u201dcenter\u201d width=\u201d100%\u201d max_width=\u201d100%\u201d module_alignment=\u201dcenter\u201d min_height=\u201d317px\u201d height=\u201d261px\u201d max_height=\u201d635px\u201d custom_margin=\u201d4px||||false|false\u201d custom_padding=\u201d48px||||false|false\u201d animation_style=\u201dslide\u201d border_color_all=\u201d#E09900\u2033 border_style_all=\u201dgroove\u201d global_colors_info=\u201d{}\u201d]<\/p>\n<p style=\"text-align: center;\">Ici, j&#039;ai trouv\u00e9 un groupe qui voit en moi des vertus dont je n&#039;avais jamais eu conscience et qui, gr\u00e2ce aux retours, sont apparues. Ils m&#039;ont donn\u00e9 confiance.<\/p>\n<p>[et_pb_testimonial][\/et_pb_column][et_pb_column type=\u201d1_4\u2033 _builder_version=\u201d4.16\u2033 _module_preset=\u201ddefault\u201d global_colors_info=\u201d{}\u201d][et_pb_testimonial author=\u201dMahmoud\u201d job_title=\u201dIce Academy 2020\u2033 quote_icon_color=\u201d#E09900\u2033 quote_icon_background_color=\u201d#FFFFFF\u201d _builder_version=\u201d4.16\u2033 _module_preset=\u201ddefault\u201d background_color=\u201d#FFFFFF\u201d transform_scale=\u201d98%|98%\u201d text_orientation=\u201dcenter\u201d min_height=\u201d284px\u201d height=\u201d1000px\u201d max_height=\u201d421px\u201d animation_style=\u201dslide\u201d box_shadow_style=\u201dpreset1\u2033 box_shadow_horizontal=\u201d-3px\u201d box_shadow_vertical=\u201d-1px\u201d box_shadow_blur=\u201d9px\u201d box_shadow_spread=\u201d-5px\u201d global_colors_info=\u201d{}\u201d]<\/p>\n<p>Lorsque j&#039;ai postul\u00e9 \u00e0 l&#039;Ice Academy, je cherchais une opportunit\u00e9 de concr\u00e9tiser mon id\u00e9e. \u00c0 ce moment-l\u00e0, je sentais que mon id\u00e9e \u00e9tait pr\u00eate \u00e0 prendre forme, mais je ne savais pas \u00e0 quel point mon id\u00e9e allait se transformer au cours du programme.<\/p>\n<p>[et_pb_testimonial][\/et_pb_column][et_pb_column type=\u201d1_4\u2033 _builder_version=\u201d4.16\u2033 _module_preset=\u201ddefault\u201d global_colors_info=\u201d{}\u201d][et_pb_testimonial author=\u201dMohamed\u201d job_title=\u201dLeaders \u00e9mergents 2020\u2033 quote_icon_color=\u201d#E09900\u2033 quote_icon_background_color=\u201d#FFFFFF\u201d _builder_version=\u201d4.16\u2033 _module_preset=\u201ddefault\u201d body_font_size=\u201d13px\u201d background_color=\u201d#FFFFFF\u201d transform_scale=\u201d104%|104%\u201d text_orientation=\u201dcenter\u201d min_height=\u201d460px\u201d custom_margin=\u201d13px||||false|false\u201d custom_padding=\u201d25px||||false|false\u201d animation_style=\u201dslide\u201d box_shadow_style=\u201dpreset1\u2033 box_shadow_horizontal=\u201d-3px\u201d box_shadow_vertical=\u201d-1px\u201d box_shadow_blur=\u201d9px\u201d box_shadow_spread=\u201d-5px\u201d global_colors_info=\u201d{}\u201d]<\/p>\n<p>Lorsque Emerging Leaders a commenc\u00e9, nous, les Catalyseurs, nous sentions d\u00e9connect\u00e9s de la soci\u00e9t\u00e9 dans laquelle nous vivions et aspirions \u00e0 construire de grands projets dans nos pays d&#039;origine. Nous n&#039;\u00e9tions pas connect\u00e9s aux espaces et aux r\u00e9seaux dont nous avions besoin, gr\u00e2ce \u00e0 Emerging Leaders nous sommes devenus connect\u00e9s, nos aspirations et nos id\u00e9es sont devenues plus engageantes pour notre nouvelle soci\u00e9t\u00e9 et la France.<\/p>\n<p>[et_pb_testimonial][\/et_pb_column][et_pb_column type=\u201d1_4\u2033 _builder_version=\u201d4.16\u2033 _module_preset=\u201ddefault\u201d global_colors_info=\u201d{}\u201d][et_pb_testimonial author=\u201dMays\u201d job_title=\u201dCatalyseur de lieux\u201d quote_icon_color=\u201d#E09900\u2033 quote_icon_background_color=\u201d#FFFFFF\u201d _builder_version=\u201d4.16\u2033 _module_preset=\u201ddefault\u201d background_color=\u201d#FFFFFF\u201d transform_scale=\u201d98%|98%\u201d text_orientation=\u201dcenter\u201d max_width=\u201d100%\u201d min_height=\u201d305px\u201d height=\u201d1000px\u201d max_height=\u201d373px\u201d custom_margin=&quot;||143px|||&quot; animation_style=&quot;slide&quot; box_shadow_style=&quot;preset1&quot; box_shadow_horizontal=&quot;-3px&quot; box_shadow_vertical=&quot;6px&quot; box_shadow_spread=&quot;-7px&quot; global_colors_info=&quot;{}&quot;]<\/p>\n<p>En 2018, j&#039;ai d\u00e9velopp\u00e9 ma confiance en moi pour exprimer encore plus mes propres espoirs et r\u00eaves, et avec PLACE j&#039;ai acquis les outils pour en faire une r\u00e9alit\u00e9. Ces outils m&#039;ont donn\u00e9 un coup de pouce pour me pousser en avant.<\/p>\n<p>[\/et_pb_testimonial][\/et_pb_column][\/et_pb_row][\/et_pb_section][et_pb_section fb_built=\u201d1\u2033 _builder_version=\u201d4.16\u2033 background_color=\u201d#fcd21d\u201d custom_margin=\u201d||||false|false\u201d custom_margin_tablet=\u201d||-52px|\u201d custom_margin_phone=&quot;||-52px&quot; custom_margin_last_edited=&quot;on|phone&quot; custom_padding=&quot;0px||0px||false|false&quot; box_shadow_style=&quot;preset1&quot; box_shadow_vertical=&quot;0px&quot; box_shadow_blur=&quot;6px&quot; saved_tabs=&quot;all&quot; global_colors_info=&quot;{}&quot;][et_pb_row use_custom_gutter=&quot;on&quot; gutter_width=&quot;2&quot; custom_padding_last_edited=&quot;on|desktop&quot; module_class=&quot;et_pb_row_fullwidth&quot; _builder_version=&quot;4.16&quot; width=&quot;94%&quot; width_tablet=&quot;80%&quot; width_phone=&quot;&quot; width_last_edited=&quot;on|desktop&quot; max_width=&quot;94%&quot; max_width_tablet=&quot;80%&quot; max_width_phone=&quot;&quot; max_width_last_edited=&quot;on|desktop&quot; custom_padding=&quot;0|0px|0px|0px|false|false&quot; custom_padding_tablet=&quot;&quot; custom_padding_phone=&quot;&quot; make_fullwidth=&quot;on&quot; global_colors_info=&quot;{}&quot;][et_pb_column type=&quot;4_4&quot; _builder_version=&quot;4.16&quot; custom_padding=&quot;|||&quot; global_colors_info=&quot;{}&quot; custom_padding__hover=&quot;|||&quot;][et_pb_signup provider=&quot;hubspot&quot; hubspot_list=&quot;PLACE team|11&quot; success_message=&quot;Merci ! Nous vous recontacterons.&quot; title=&quot;Ne manquez aucune information croustillante !&quot; button_text=&quot;Inscrivez-moi !&quot; description=&quot;<\/p>\n<p>Nous serions ravis de vous tenir au courant des belles histoires de PLACE et au-del\u00e0. Nous prendrons grand soin de vos donn\u00e9es et ne vous enverrons que des r\u00e9sum\u00e9s mensuels et des notifications d&#039;\u00e9v\u00e9nements. Vous pouvez vous d\u00e9sabonner \u00e0 tout moment.<\/p>\n<p>\u201d module_id=\u201dskinny\u201d _builder_version=\u201d4.16\u2033 header_font=\u201dHavelock Solid||||||||\u201d header_font_size=\u201d22px\u201d header_letter_spacing=\u201d-2px\u201d body_font=\u201dCorps romain de la suite||||||||\u201d body_font_size=\u201d16px\u201d body_line_height=\u201d1.2em\u201d result_message_font=\u201d||||||||\u201d form_field_font=\u201dCorps romain de la suite||||||||\u201d form_field_text_align=\u201dcenter\u201d form_field_font_size=\u201d14px\u201d custom_button=\u201don\u201d button_text_size=\u201d20px\u201d button_text_color=\u201d#ffffff\u201d button_border_width=\u201d3px\u201d button_border_radius=\u201d9px\u201d button_font=\u201dSuite Roman Body|600|||||||\u201d button_icon=\u201d\ue09e||divi||400\u2033 custom_padding=\u201d||\u201d border_radii_fields=\u201don|5px|5px|5px|5px\u201d border_width_all_fields=\u201d3px\u201d border_color_all_fields=\u201d#ffffff\u201d global_colors_info=\u201d{}\u201d][\/et_pb_signup][\/et_pb_column][\/et_pb_row][\/et_pb_section]<\/p>","protected":false},"excerpt":{"rendered":"<p>PARTICIPEZ \u00c0 PLACE Impliquez-vous et contribuez positivement \u00e0 la vie des nouveaux arrivants en rejoignant notre initiative communautaire visant \u00e0 soutenir leur int\u00e9gration et \u00e0 les aider \u00e0 trouver leur place dans la soci\u00e9t\u00e9 d&#039;accueil. Faites partie de la solution et cr\u00e9ez un environnement accueillant pour tous. PLACE acc\u00e9l\u00e8re et exploite l&#039;innovation des nouveaux arrivants [\u2026]<\/p>","protected":false},"author":63,"featured_media":0,"parent":0,"menu_order":0,"comment_status":"closed","ping_status":"closed","template":"","meta":{"_et_pb_use_builder":"on","_et_pb_old_content":"","_et_gb_content_width":"","_monsterinsights_skip_tracking":false,"_monsterinsights_sitenote_active":false,"_monsterinsights_sitenote_note":"","_monsterinsights_sitenote_category":0,"footnotes":""},"yoast_head":"<!-- This site is optimized with the Yoast SEO plugin v21.5 - https:\/\/yoast.com\/wordpress\/plugins\/seo\/ -->\n<title>Get involved with PLACE - PLACE<\/title>\n<meta name=\"robots\" content=\"index, follow, max-snippet:-1, max-image-preview:large, max-video-preview:-1\" \/>\n<link rel=\"canonical\" href=\"https:\/\/place-network.org\/fr\/get-involved-with-place\/\" \/>\n<meta property=\"og:locale\" content=\"fr_FR\" \/>\n<meta property=\"og:type\" content=\"article\" \/>\n<meta property=\"og:title\" content=\"Get involved with PLACE - PLACE\" \/>\n<meta property=\"og:description\" content=\"GET INVOLVED WITH PLACE &nbsp; Get involved and make a positive impact in the lives of newcomers by joining our community initiative to support their integration and help them find their place in the host society. Be a part of the solution and create a welcoming environment for all.PLACE accelerates and leverages the innovation newcomers [&hellip;]\" \/>\n<meta property=\"og:url\" content=\"https:\/\/place-network.org\/fr\/get-involved-with-place\/\" \/>\n<meta property=\"og:site_name\" content=\"PLACE\" \/>\n<meta property=\"article:modified_time\" content=\"2023-10-12T13:14:05+00:00\" \/>\n<meta name=\"twitter:card\" content=\"summary_large_image\" \/>\n<meta name=\"twitter:label1\" content=\"Dur\u00e9e de lecture estim\u00e9e\" \/>\n\t<meta name=\"twitter:data1\" content=\"9 minutes\" \/>\n<script type=\"application\/ld+json\" class=\"yoast-schema-graph\">{\"@context\":\"https:\/\/schema.org\",\"@graph\":[{\"@type\":\"WebPage\",\"@id\":\"https:\/\/place-network.org\/get-involved-with-place\/\",\"url\":\"https:\/\/place-network.org\/get-involved-with-place\/\",\"name\":\"Get involved with PLACE - PLACE\",\"isPartOf\":{\"@id\":\"https:\/\/place-network.org\/#website\"},\"datePublished\":\"2023-02-03T15:36:39+00:00\",\"dateModified\":\"2023-10-12T13:14:05+00:00\",\"breadcrumb\":{\"@id\":\"https:\/\/place-network.org\/get-involved-with-place\/#breadcrumb\"},\"inLanguage\":\"fr-FR\",\"potentialAction\":[{\"@type\":\"ReadAction\",\"target\":[\"https:\/\/place-network.org\/get-involved-with-place\/\"]}]},{\"@type\":\"BreadcrumbList\",\"@id\":\"https:\/\/place-network.org\/get-involved-with-place\/#breadcrumb\",\"itemListElement\":[{\"@type\":\"ListItem\",\"position\":1,\"name\":\"Home\",\"item\":\"https:\/\/place-network.org\/\"},{\"@type\":\"ListItem\",\"position\":2,\"name\":\"Get involved with PLACE\"}]},{\"@type\":\"WebSite\",\"@id\":\"https:\/\/place-network.org\/#website\",\"url\":\"https:\/\/place-network.org\/\",\"name\":\"PLACE\",\"description\":\"Migrant-led innovation\",\"potentialAction\":[{\"@type\":\"SearchAction\",\"target\":{\"@type\":\"EntryPoint\",\"urlTemplate\":\"https:\/\/place-network.org\/?s={search_term_string}\"},\"query-input\":\"required name=search_term_string\"}],\"inLanguage\":\"fr-FR\"}]}<\/script>\n<!-- \/ Yoast SEO plugin. -->","yoast_head_json":{"title":"Get involved with PLACE - PLACE","robots":{"index":"index","follow":"follow","max-snippet":"max-snippet:-1","max-image-preview":"max-image-preview:large","max-video-preview":"max-video-preview:-1"},"canonical":"https:\/\/place-network.org\/fr\/get-involved-with-place\/","og_locale":"fr_FR","og_type":"article","og_title":"Get involved with PLACE - PLACE","og_description":"GET INVOLVED WITH PLACE &nbsp; Get involved and make a positive impact in the lives of newcomers by joining our community initiative to support their integration and help them find their place in the host society. Be a part of the solution and create a welcoming environment for all.PLACE accelerates and leverages the innovation newcomers [&hellip;]","og_url":"https:\/\/place-network.org\/fr\/get-involved-with-place\/","og_site_name":"PLACE","article_modified_time":"2023-10-12T13:14:05+00:00","twitter_card":"summary_large_image","twitter_misc":{"Dur\u00e9e de lecture estim\u00e9e":"9 minutes"},"schema":{"@context":"https:\/\/schema.org","@graph":[{"@type":"WebPage","@id":"https:\/\/place-network.org\/get-involved-with-place\/","url":"https:\/\/place-network.org\/get-involved-with-place\/","name":"Get involved with PLACE - PLACE","isPartOf":{"@id":"https:\/\/place-network.org\/#website"},"datePublished":"2023-02-03T15:36:39+00:00","dateModified":"2023-10-12T13:14:05+00:00","breadcrumb":{"@id":"https:\/\/place-network.org\/get-involved-with-place\/#breadcrumb"},"inLanguage":"fr-FR","potentialAction":[{"@type":"ReadAction","target":["https:\/\/place-network.org\/get-involved-with-place\/"]}]},{"@type":"BreadcrumbList","@id":"https:\/\/place-network.org\/get-involved-with-place\/#breadcrumb","itemListElement":[{"@type":"ListItem","position":1,"name":"Home","item":"https:\/\/place-network.org\/"},{"@type":"ListItem","position":2,"name":"Get involved with PLACE"}]},{"@type":"WebSite","@id":"https:\/\/place-network.org\/#website","url":"https:\/\/place-network.org\/","name":"PLACE","description":"Migrant-led innovation","potentialAction":[{"@type":"SearchAction","target":{"@type":"EntryPoint","urlTemplate":"https:\/\/place-network.org\/?s={search_term_string}"},"query-input":"required name=search_term_string"}],"inLanguage":"fr-FR"}]}},"_links":{"self":[{"href":"https:\/\/place-network.org\/fr\/wp-json\/wp\/v2\/pages\/13090"}],"collection":[{"href":"https:\/\/place-network.org\/fr\/wp-json\/wp\/v2\/pages"}],"about":[{"href":"https:\/\/place-network.org\/fr\/wp-json\/wp\/v2\/types\/page"}],"author":[{"embeddable":true,"href":"https:\/\/place-network.org\/fr\/wp-json\/wp\/v2\/users\/63"}],"replies":[{"embeddable":true,"href":"https:\/\/place-network.org\/fr\/wp-json\/wp\/v2\/comments?post=13090"}],"version-history":[{"count":13,"href":"https:\/\/place-network.org\/fr\/wp-json\/wp\/v2\/pages\/13090\/revisions"}],"predecessor-version":[{"id":13775,"href":"https:\/\/place-network.org\/fr\/wp-json\/wp\/v2\/pages\/13090\/revisions\/13775"}],"wp:attachment":[{"href":"https:\/\/place-network.org\/fr\/wp-json\/wp\/v2\/media?parent=13090"}],"curies":[{"name":"wp","href":"https:\/\/api.w.org\/{rel}","templated":true}]}}