{"id":13142,"date":"2023-03-01T14:51:00","date_gmt":"2023-03-01T14:51:00","guid":{"rendered":"https:\/\/place-network.org\/?page_id=13142"},"modified":"2023-04-18T10:34:54","modified_gmt":"2023-04-18T10:34:54","slug":"become-a-volunteer-at-place","status":"publish","type":"page","link":"https:\/\/place-network.org\/fr\/become-a-volunteer-at-place\/","title":{"rendered":"Devenez b\u00e9n\u00e9vole chez PLACE"},"content":{"rendered":"<p>[et_pb_section fb_built=\u201d1\u2033 _builder_version=\u201d4.13.1\u2033 _module_preset=\u201ddefault\u201d use_background_color_gradient=\u201don\u201d background_color_gradient_start=\u201d#eb8c33\u2033 background_color_gradient_end=\u201d#ffffff\u201d background_color_gradient_direction=\u201d90deg\u201d background_color_gradient_start_position=\u201d48%\u201d background_color_gradient_end_position=\u201d48%\u201d hover_enabled=\u201d0\u2033 global_colors_info=\u201d{}\u201d sticky_enabled=\u201d0\u2033][et_pb_row column_structure=\u201d2_5,3_5\u2033 make_equal=\u201don\u201d _builder_version=\u201d4.13.1\u2033 _module_preset=\u201ddefault\u201d largeur=&quot;95%&quot; largeur_tablette=&quot;95%&quot; largeur_t\u00e9l\u00e9phone=&quot;95%&quot; largeur_derni\u00e8re_modification=&quot;sur|t\u00e9l\u00e9phone&quot; largeur_max=&quot;100%&quot; alignement_module=&quot;centre&quot; marge_personnalis\u00e9e=&quot;|auto||auto|false|false&quot; marge_personnalis\u00e9e_tablette=&quot;||0%||false|false&quot; marge_personnalis\u00e9e_t\u00e9l\u00e9phone=&quot;||6%||false|false&quot; marge_personnalis\u00e9e_derni\u00e8re_modification=&quot;sur|ordinateur&quot; info_couleurs_globales=&quot;{}&quot;][et_pb_column type=&quot;2_5&quot; _builder_version=&quot;4.13.1&quot; _module_preset=&quot;default&quot; info_couleurs_globales=&quot;{}&quot;][et_pb_text _builder_version=\u201d4.13.1\u2033 _module_preset=\u201ddefault\u201d text_font=\u201dSequel Roman Body||||||||\u201d text_font_size=\u201d17px\u201d text_line_height=\u201d1.5em\u201d custom_margin=\u201d42px|-110px||43px|false|false\u201d hover_enabled=\u201d0\u2033 global_colors_info=\u201d{}\u201d text_text_color=\u201d#FFFFFF\u201d sticky_enabled=\u201d0\u2033]<\/p>\n<p>Chez PLACE, nous croyons que chaque personne a droit \u00e0 la s\u00e9curit\u00e9 et \u00e0 la possibilit\u00e9 de s&#039;\u00e9panouir. En devenant b\u00e9n\u00e9vole chez nous, vous rejoindrez une communaut\u00e9 de personnes partageant les m\u00eames valeurs et engag\u00e9es \u00e0 avoir un impact positif sur le monde.<\/p>\n<p>En plus de la satisfaction personnelle que procure le b\u00e9n\u00e9volat, vous acquerrez des comp\u00e9tences et une exp\u00e9rience pr\u00e9cieuses qui vous seront utiles tant sur le plan personnel que professionnel. Le b\u00e9n\u00e9volat est un excellent moyen d&#039;\u00e9largir votre r\u00e9seau, d&#039;apprendre de nouvelles comp\u00e9tences et de nouer des liens enrichissants avec des personnes de tous horizons.<\/p>\n<p>Si vous souhaitez vous impliquer dans votre communaut\u00e9 et avoir un impact positif sur la vie des autres, nous vous invitons \u00e0 devenir b\u00e9n\u00e9vole chez PLACE. Ensemble, nous pouvons b\u00e2tir un monde plus inclusif, accueillant et solidaire pour tous.<\/p>\n<p>[et_pb_text][et_pb_image src=\u201dhttps:\/\/place-network.org\/wp-content\/uploads\/2023\/03\/DSC09929.jpg\u201d title_text=\u201dDSC09929\u2033 _builder_version=\u201d4.13.1\u2033 _module_preset=\u201ddefault\u201d custom_margin=\u201d|-93px||-9px|false|false\u201d custom_padding=\u201d|0px||54px|false|false\u201d global_colors_info=\u201d{}\u201d][\/et_pb_image][\/et_pb_column][et_pb_column type=\u201d3_5\u2033 _builder_version=\u201d4.13.1\u2033 _module_preset=\u201ddefault\u201d global_colors_info=\u201d{}\u201d][et_pb_code _builder_version=&quot;4.13.1&quot; _module_preset=&quot;default&quot; use_background_color_gradient=&quot;on&quot; background_color_gradient_start=&quot;rgba(0,0,0,0)&quot; background_color_gradient_end=&quot;#ffffff&quot; custom_margin=&quot;-29px|||82px|false|false&quot; hover_enabled=&quot;0&quot; global_colors_info=&quot;{}&quot; sticky_enabled=&quot;0&quot;]<iframe loading=\"lazy\" width=\"600\" height=\"1000\" src=\"https:\/\/ac386de0.sibforms.com\/serve\/MUIEAOADGmpITJmCb4VwjoYKMpptvhQ0YZTxzbdv7w7CjbJBPR35rmiHB5mp3cB1EZMcziBV4IeuBEgBSDKrDe7g6ww5M5XuAjoGtXkrvZzv2lO3-nXp86QBITHpLQJqfdyVG5rWImgcbENG-jQiuX3Vgtfjcfv1etE0JDkyVflrw9bYjo9aajFydo3FQL0lJPBWPji3NGFk9T7S\" frameborder=\"0\" scrolling=\"auto\" allowfullscreen style=\"display: block;margin-left: auto;margin-right: auto;max-width: 100%;\"><\/iframe>[\/et_pb_code][\/et_pb_column][\/et_pb_row][\/et_pb_section]<\/p>","protected":false},"excerpt":{"rendered":"<p>Chez PLACE, nous croyons que chaque personne a droit \u00e0 la s\u00e9curit\u00e9 et \u00e0 la possibilit\u00e9 de s&#039;\u00e9panouir. En devenant b\u00e9n\u00e9vole avec nous, vous rejoindrez une communaut\u00e9 de personnes partageant les m\u00eames valeurs et engag\u00e9es \u00e0 avoir un impact positif sur le monde. Outre la satisfaction personnelle qui en d\u00e9coule [\u2026]<\/p>","protected":false},"author":63,"featured_media":0,"parent":0,"menu_order":0,"comment_status":"closed","ping_status":"closed","template":"","meta":{"_et_pb_use_builder":"on","_et_pb_old_content":"","_et_gb_content_width":"","_monsterinsights_skip_tracking":false,"_monsterinsights_sitenote_active":false,"_monsterinsights_sitenote_note":"","_monsterinsights_sitenote_category":0,"footnotes":""},"yoast_head":"<!-- This site is optimized with the Yoast SEO plugin v21.5 - https:\/\/yoast.com\/wordpress\/plugins\/seo\/ -->\n<title>Become a volunteer at PLACE - PLACE<\/title>\n<meta name=\"robots\" content=\"index, follow, max-snippet:-1, max-image-preview:large, max-video-preview:-1\" \/>\n<link rel=\"canonical\" href=\"https:\/\/place-network.org\/fr\/become-a-volunteer-at-place\/\" \/>\n<meta property=\"og:locale\" content=\"fr_FR\" \/>\n<meta property=\"og:type\" content=\"article\" \/>\n<meta property=\"og:title\" content=\"Become a volunteer at PLACE - PLACE\" \/>\n<meta property=\"og:description\" content=\"At PLACE, we believe that every individual has the right to safety, security, and the opportunity to thrive. By volunteering with us, you will be joining a community of like-minded individuals who share this belief and are committed to making a positive difference in the world. In addition to the personal satisfaction that comes with [&hellip;]\" \/>\n<meta property=\"og:url\" content=\"https:\/\/place-network.org\/fr\/become-a-volunteer-at-place\/\" \/>\n<meta property=\"og:site_name\" content=\"PLACE\" \/>\n<meta property=\"article:modified_time\" content=\"2023-04-18T10:34:54+00:00\" \/>\n<meta name=\"twitter:card\" content=\"summary_large_image\" \/>\n<meta name=\"twitter:label1\" content=\"Dur\u00e9e de lecture estim\u00e9e\" \/>\n\t<meta name=\"twitter:data1\" content=\"2 minutes\" \/>\n<script type=\"application\/ld+json\" class=\"yoast-schema-graph\">{\"@context\":\"https:\/\/schema.org\",\"@graph\":[{\"@type\":\"WebPage\",\"@id\":\"https:\/\/place-network.org\/become-a-volunteer-at-place\/\",\"url\":\"https:\/\/place-network.org\/become-a-volunteer-at-place\/\",\"name\":\"Become a volunteer at PLACE - PLACE\",\"isPartOf\":{\"@id\":\"https:\/\/place-network.org\/#website\"},\"datePublished\":\"2023-03-01T14:51:00+00:00\",\"dateModified\":\"2023-04-18T10:34:54+00:00\",\"breadcrumb\":{\"@id\":\"https:\/\/place-network.org\/become-a-volunteer-at-place\/#breadcrumb\"},\"inLanguage\":\"fr-FR\",\"potentialAction\":[{\"@type\":\"ReadAction\",\"target\":[\"https:\/\/place-network.org\/become-a-volunteer-at-place\/\"]}]},{\"@type\":\"BreadcrumbList\",\"@id\":\"https:\/\/place-network.org\/become-a-volunteer-at-place\/#breadcrumb\",\"itemListElement\":[{\"@type\":\"ListItem\",\"position\":1,\"name\":\"Home\",\"item\":\"https:\/\/place-network.org\/\"},{\"@type\":\"ListItem\",\"position\":2,\"name\":\"Become a volunteer at PLACE\"}]},{\"@type\":\"WebSite\",\"@id\":\"https:\/\/place-network.org\/#website\",\"url\":\"https:\/\/place-network.org\/\",\"name\":\"PLACE\",\"description\":\"Migrant-led innovation\",\"potentialAction\":[{\"@type\":\"SearchAction\",\"target\":{\"@type\":\"EntryPoint\",\"urlTemplate\":\"https:\/\/place-network.org\/?s={search_term_string}\"},\"query-input\":\"required name=search_term_string\"}],\"inLanguage\":\"fr-FR\"}]}<\/script>\n<!-- \/ Yoast SEO plugin. -->","yoast_head_json":{"title":"Become a volunteer at PLACE - PLACE","robots":{"index":"index","follow":"follow","max-snippet":"max-snippet:-1","max-image-preview":"max-image-preview:large","max-video-preview":"max-video-preview:-1"},"canonical":"https:\/\/place-network.org\/fr\/become-a-volunteer-at-place\/","og_locale":"fr_FR","og_type":"article","og_title":"Become a volunteer at PLACE - PLACE","og_description":"At PLACE, we believe that every individual has the right to safety, security, and the opportunity to thrive. By volunteering with us, you will be joining a community of like-minded individuals who share this belief and are committed to making a positive difference in the world. In addition to the personal satisfaction that comes with [&hellip;]","og_url":"https:\/\/place-network.org\/fr\/become-a-volunteer-at-place\/","og_site_name":"PLACE","article_modified_time":"2023-04-18T10:34:54+00:00","twitter_card":"summary_large_image","twitter_misc":{"Dur\u00e9e de lecture estim\u00e9e":"2 minutes"},"schema":{"@context":"https:\/\/schema.org","@graph":[{"@type":"WebPage","@id":"https:\/\/place-network.org\/become-a-volunteer-at-place\/","url":"https:\/\/place-network.org\/become-a-volunteer-at-place\/","name":"Become a volunteer at PLACE - PLACE","isPartOf":{"@id":"https:\/\/place-network.org\/#website"},"datePublished":"2023-03-01T14:51:00+00:00","dateModified":"2023-04-18T10:34:54+00:00","breadcrumb":{"@id":"https:\/\/place-network.org\/become-a-volunteer-at-place\/#breadcrumb"},"inLanguage":"fr-FR","potentialAction":[{"@type":"ReadAction","target":["https:\/\/place-network.org\/become-a-volunteer-at-place\/"]}]},{"@type":"BreadcrumbList","@id":"https:\/\/place-network.org\/become-a-volunteer-at-place\/#breadcrumb","itemListElement":[{"@type":"ListItem","position":1,"name":"Home","item":"https:\/\/place-network.org\/"},{"@type":"ListItem","position":2,"name":"Become a volunteer at PLACE"}]},{"@type":"WebSite","@id":"https:\/\/place-network.org\/#website","url":"https:\/\/place-network.org\/","name":"PLACE","description":"Migrant-led innovation","potentialAction":[{"@type":"SearchAction","target":{"@type":"EntryPoint","urlTemplate":"https:\/\/place-network.org\/?s={search_term_string}"},"query-input":"required name=search_term_string"}],"inLanguage":"fr-FR"}]}},"_links":{"self":[{"href":"https:\/\/place-network.org\/fr\/wp-json\/wp\/v2\/pages\/13142"}],"collection":[{"href":"https:\/\/place-network.org\/fr\/wp-json\/wp\/v2\/pages"}],"about":[{"href":"https:\/\/place-network.org\/fr\/wp-json\/wp\/v2\/types\/page"}],"author":[{"embeddable":true,"href":"https:\/\/place-network.org\/fr\/wp-json\/wp\/v2\/users\/63"}],"replies":[{"embeddable":true,"href":"https:\/\/place-network.org\/fr\/wp-json\/wp\/v2\/comments?post=13142"}],"version-history":[{"count":12,"href":"https:\/\/place-network.org\/fr\/wp-json\/wp\/v2\/pages\/13142\/revisions"}],"predecessor-version":[{"id":13225,"href":"https:\/\/place-network.org\/fr\/wp-json\/wp\/v2\/pages\/13142\/revisions\/13225"}],"wp:attachment":[{"href":"https:\/\/place-network.org\/fr\/wp-json\/wp\/v2\/media?parent=13142"}],"curies":[{"name":"wp","href":"https:\/\/api.w.org\/{rel}","templated":true}]}}