{"id":13159,"date":"2023-03-01T15:58:13","date_gmt":"2023-03-01T15:58:13","guid":{"rendered":"https:\/\/place-network.org\/?page_id=13159"},"modified":"2023-04-18T11:12:14","modified_gmt":"2023-04-18T11:12:14","slug":"apply-for-the-programs","status":"publish","type":"page","link":"https:\/\/place-network.org\/fr\/apply-for-the-programs\/","title":{"rendered":"Postulez aux programmes"},"content":{"rendered":"<p>[et_pb_section fb_built=\u201d1\u2033 _builder_version=\u201d4.13.1\u2033 background_color=\u201d#FFFFFF\u201d background_color_gradient_start=\u201d#fcd21d\u201d background_color_gradient_end=\u201d#ffffff\u201d background_color_gradient_direction=\u201d14deg\u201d custom_margin=\u201d||0px||false|false\u201d global_colors_info=\u201d{}\u201d][et_pb_row _builder_version=\u201d4.13.1\u2033 background_enable_image=\u201doff\u201d max_width=\u201d100%\u201d custom_margin=\u201d||||false|false\u201d custom_padding=\u201d0px||0px||false|false\u201d background_last_edited=\u201don|desktop\u201d background_enable_image_tablet=&quot;off&quot; global_colors_info=&quot;{}&quot;][et_pb_column type=&quot;4_4&quot; _builder_version=&quot;3.27.4&quot; background_enable_image=&quot;off&quot; global_colors_info=&quot;{}&quot;][et_pb_text _builder_version=&quot;4.13.1&quot; _module_preset=&quot;default&quot; text_font=&quot;Montserrat|700|||||||&quot; text_text_color=&quot;#000000&quot; text_font_size=&quot;17px&quot; text_line_height=&quot;1.5em&quot; header_font=&quot;Sequel Body Bold Text||||||||&quot; taille_police_en-t\u00eate=\u201d51px\u201d orientation_texte=\u201dcentre\u201d marge_personnalis\u00e9e=\u201d-8px||9px||false|false\u201d remplissage_personnalis\u00e9=\u201d0px||||false|false\u201d taille_police_en-t\u00eate_tablette=\u201d51px\u201d taille_police_en-t\u00eate_t\u00e9l\u00e9phone=\u201d24px\u201d taille_police_en-t\u00eate_derni\u00e8re_modification=\u201don|t\u00e9l\u00e9phone\u201d informations_couleurs_globales=\u201d{}\u201d]<\/p>\n<h1 style=\"text-align: center;\">Postulez aux programmes PLACE<\/h1>\n<p>&nbsp;<\/p>\n<p>[\/et_pb_text][\/et_pb_column][\/et_pb_row][et_pb_row column_structure=\u201d1_2,1_2\u2033 make_equal=\u201don\u201d _builder_version=\u201d4.13.1\u2033 _module_preset=\u201ddefault\u201d width=\u201d95%\u201d width_tablet=\u201d95%\u201d width_phone=\u201d95%\u201d width_last_edited=\u201don|phone\u201d max_width=\u201d100%\u201d module_alignment=\u201dcenter\u201d custom_margin=\u201d|auto||auto|false|false\u201d custom_margin_tablet=\u201d||0%||false|false\u201d custom_margin_phone=\u201d||6%||false|false\u201d custom_margin_last_edited=\u201don|desktop\u201d locked=&quot;off&quot; global_colors_info=&quot;{}&quot;][et_pb_column type=&quot;1_2&quot; _builder_version=&quot;4.13.1&quot; _module_preset=&quot;default&quot; global_colors_info=&quot;{}&quot;][et_pb_button url_new_window=&quot;on&quot; button_text=&quot;Demander FastForward&quot; button_alignment=&quot;center&quot; admin_label=&quot;Bouton&quot; _builder_version=&quot;4.13.1&quot; _module_preset=&quot;default&quot; custom_button=&quot;on&quot; button_text_size=&quot;22px&quot; button_text_color=&quot;#FFFFFF&quot; button_bg_color=&quot;#ff5c21&quot; button_border_width=&quot;0px&quot; button_border_color=&quot;#ff5c21&quot; button_border_radius=&quot;12px&quot; background_layout=\u201ddark\u201d custom_margin=\u201d72px|||50px|false|false\u201d global_colors_info=\u201d{}\u201d][\/et_pb_button][et_pb_button button_url=\u201dhttps:\/\/place-network.org\/emerging-leaders-apply-form\/\u201d url_new_window=\u201don\u201d button_text=\u201dCandidature au programme des leaders \u00e9mergents\u201d button_alignment=\u201dcenter\u201d _builder_version=\u201d4.13.1\u2033 _module_preset=\u201ddefault\u201d custom_button=\u201don\u201d button_text_size=\u201d22px\u201d button_text_color=\u201d#FFFFFF\u201d button_bg_color=\u201d#ff5c21\u2033 button_border_width=\u201d0px\u201d button_border_color=\u201d#ff5c21\u2033 button_border_radius=\u201d12px\u201d background_layout=&quot;dark&quot; custom_margin=&quot;8px|||50px|false|false&quot; custom_padding=&quot;||5px|||&quot; global_colors_info=\u201d{}\u201d][\/et_pb_button][et_pb_button button_url=\u201dhttps:\/\/place-network.org\/up-collective-apply-form\/\u201d url_new_window=\u201don\u201d button_text=\u201dCandidature pour Up Collective\u201d button_alignment=\u201dcenter\u201d _builder_version=\u201d4.13.1\u2033 _module_preset=\u201ddefault\u201d custom_button=\u201don\u201d button_text_size=\u201d22px\u201d button_text_color=\u201d#FFFFFF\u201d button_bg_color=\u201d#ff5c21\u2033 button_border_width=\u201d0px\u201d button_border_color=\u201d#ff5c21\u2033 button_border_radius=\u201d12px\u201d background_layout=\u201ddark\u201d custom_margin=\u201d8px|||50px|false|false\u201d global_colors_info=\u201d{}\u201d][\/et_pb_button][\/et_pb_column][et_pb_column type=\u201d1_2\u2033 _builder_version=\u201d4.13.1\u2033 _module_preset=\u201ddefault\u201d global_colors_info=\u201d{}\u201d][et_pb_text _builder_version=\u201d4.13.1\u2033 _module_preset=\u201ddefault\u201d text_font=\u201dSequel Roman Body||||||||\u201d text_font_size=\u201d16px\u201d text_line_height=\u201d1.5em\u201d custom_margin=\u201d-24px|||-54px|false|false\u201d global_colors_info=\u201d{}\u201d]<\/p>\n<p>Les trois secteurs de <strong>entreprise<\/strong>, <strong>leadership public<\/strong>, et <strong>m\u00e9dias et art<\/strong>\u00a0ce PLACE est actif, peut jouer un r\u00f4le crucial dans ce <strong>processus d&#039;int\u00e9gration<\/strong>.<\/p>\n<p>Par exemple, le secteur des affaires peut offrir des possibilit\u00e9s d\u2019emploi et des formations commerciales pour aider les immigrants et les r\u00e9fugi\u00e9s \u00e0 s\u2019\u00e9tablir et \u00e0 contribuer \u00e0 l\u2019\u00e9conomie locale.<\/p>\n<p>Les programmes de leadership public peuvent soutenir le d\u00e9veloppement de leaders immigrants et r\u00e9fugi\u00e9s capables de d\u00e9fendre les int\u00e9r\u00eats de leurs communaut\u00e9s et de contribuer \u00e0 fa\u00e7onner les politiques locales.<\/p>\n<p>Enfin, le secteur des m\u00e9dias et de l\u2019art peut offrir une plateforme aux nouveaux arrivants pour partager leurs histoires et leurs exp\u00e9riences, promouvoir la compr\u00e9hension entre diff\u00e9rentes communaut\u00e9s et favoriser un sentiment d\u2019appartenance et d\u2019inclusion.<\/p>\n<p>En fournissant un soutien et des ressources dans ces secteurs cl\u00e9s, PLACE peut aider les immigrants et les r\u00e9fugi\u00e9s \u00e0 surmonter les d\u00e9fis auxquels ils peuvent \u00eatre confront\u00e9s dans leur nouvel environnement et \u00e0 atteindre une plus grande stabilit\u00e9 \u00e9conomique et sociale. De plus, ces programmes peuvent b\u00e9n\u00e9ficier non seulement aux nouveaux arrivants, mais aussi \u00e0 la communaut\u00e9 dans son ensemble en favorisant la diversit\u00e9, la compr\u00e9hension interculturelle et la croissance \u00e9conomique.<\/p>\n<p>[\/et_pb_text][\/et_pb_column][\/et_pb_row][\/et_pb_section][et_pb_section fb_built=\u201d1\u2033 theme_builder_area=\u201dpost_content\u201d _builder_version=\u201d4.13.1\u2033 _module_preset=\u201ddefault\u201d custom_margin=\u201d-87px||||false|false\u201d hover_enabled=\u201d0\u2033 sticky_enabled=\u201d0\u2033][et_pb_row _builder_version=\u201d4.13.1\u2033 _module_preset=\u201ddefault\u201d theme_builder_area=\u201dpost_content\u201d custom_margin=\u201d-27px||||false|false\u201d hover_enabled=\u201d0\u2033 sticky_enabled=\u201d0\u2033][et_pb_column _builder_version=\u201d4.13.1\u2033 _module_preset=\u201ddefault\u201d type=\u201d4_4\u2033 theme_builder_area=\u201dpost_content\u201d][et_pb_image src=\u201dhttps:\/\/place-network.org\/wp-content\/uploads\/2023\/04\/IMG_8346.jpg\u201d _builder_version=\u201d4.13.1\u2033 _module_preset=\u201ddefault\u201d theme_builder_area=\u201dpost_content\u201d title_text=\u201dIMG_8346\u2033 hover_enabled=\u201d0\u2033 sticky_enabled=\u201d0\u2033][\/et_pb_image][\/et_pb_column][\/et_pb_row][\/et_pb_section][et_pb_section fb_built=\u201d1\u2033 _builder_version=\u201d3.27.4\u2033 background_color=\u201d#fcd21d\u201d custom_margin=\u201d||||false|false\u201d custom_margin_tablet=\u201d||-52px|\u201d custom_margin_phone=&quot;||-52px&quot; custom_margin_last_edited=&quot;on|phone&quot; custom_padding=&quot;0px||0px||false|false&quot; box_shadow_style=&quot;preset1&quot; box_shadow_vertical=&quot;0px&quot; box_shadow_blur=&quot;6px&quot; saved_tabs=&quot;all&quot; global_colors_info=&quot;{}&quot;][et_pb_row use_custom_gutter=&quot;on&quot; gutter_width=&quot;2&quot; custom_padding_last_edited=&quot;on|desktop&quot; module_class=&quot;et_pb_row_fullwidth&quot; _builder_version=&quot;3.25&quot; width=&quot;94%&quot; width_tablet=&quot;80%&quot; width_phone=&quot;&quot; width_last_edited=&quot;on|desktop&quot; max_width=&quot;94%&quot; max_width_tablet=&quot;80%&quot; max_width_phone=&quot;&quot; max_width_last_edited=&quot;on|desktop&quot; custom_padding=&quot;0|0px|0px|0px|false|false&quot; custom_padding_tablet=&quot;&quot; custom_padding_phone=&quot;&quot; make_fullwidth=&quot;on&quot; global_colors_info=&quot;{}&quot;][et_pb_column type=&quot;4_4&quot; _builder_version=&quot;3.25&quot; custom_padding=&quot;|||&quot; global_colors_info=&quot;{}&quot; custom_padding__hover=&quot;|||&quot;][et_pb_signup provider=&quot;hubspot&quot; hubspot_list=&quot;PLACE team|11&quot; success_message=&quot;Merci ! Nous vous recontacterons.&quot; title=&quot;Ne manquez aucune information croustillante !&quot; button_text=&quot;Inscrivez-moi !&quot; description=&quot;<\/p>\n<p>Nous serions ravis de vous tenir au courant des belles histoires de PLACE et au-del\u00e0. Nous prendrons grand soin de vos donn\u00e9es et ne vous enverrons que des r\u00e9sum\u00e9s mensuels et des notifications d&#039;\u00e9v\u00e9nements. Vous pouvez vous d\u00e9sabonner \u00e0 tout moment.<\/p>\n<p>module_id=&quot;skinny&quot; _builder_version=&quot;4.13.1&quot; header_font=&quot;Havelock Solid||||||||&quot; header_font_size=&quot;22px&quot; header_letter_spacing=&quot;-2px&quot; body_font=&quot;Sequel Roman Body||||||||&quot; body_font_size=&quot;16px&quot; body_line_height=&quot;1.2em&quot; result_message_font=&quot;||||||||&quot; form_field_font=&quot;Sequel Roman Body||||||||&quot; form_field_text_align=&quot;center&quot; form_field_font_size=&quot;14px&quot; custom_button=&quot;on&quot; button_text_size=&quot;20px&quot; button_text_color=&quot;#ffffff&quot; button_border_width=&quot;3px&quot; button_border_radius=&quot;9px&quot; button_font=&quot;Sequel Roman Body|600|||||||&quot; button_icon=&quot;\ue09e||divi||400&quot; custom_padding=&quot;||&quot; border_radii_fields=&quot;on|5px|5px|5px|5px&quot; border_width_all_fields=&quot;3px&quot; border_color_all_fields=&quot;#ffffff&quot; global_colors_info=&quot;{}&quot;][\/et_pb_signup][\/et_pb_column][\/et_pb_row][\/et_pb_section]<\/p>","protected":false},"excerpt":{"rendered":"<p>Postulez aux programmes de PLACE. Les trois secteurs d&#039;activit\u00e9 de PLACE \u2013 entreprises, leadership public, m\u00e9dias et arts \u2013 peuvent jouer un r\u00f4le crucial dans ce processus d&#039;int\u00e9gration. Par exemple, le secteur des entreprises peut offrir des opportunit\u00e9s d&#039;emploi et des formations professionnelles pour aider les immigrants et les r\u00e9fugi\u00e9s \u00e0 s&#039;\u00e9tablir et \u00e0 contribuer \u00e0 l&#039;\u00e9conomie locale. Leadership public [\u2026]<\/p>","protected":false},"author":63,"featured_media":0,"parent":0,"menu_order":0,"comment_status":"closed","ping_status":"closed","template":"","meta":{"_et_pb_use_builder":"on","_et_pb_old_content":"","_et_gb_content_width":"","_monsterinsights_skip_tracking":false,"_monsterinsights_sitenote_active":false,"_monsterinsights_sitenote_note":"","_monsterinsights_sitenote_category":0,"footnotes":""},"yoast_head":"<!-- This site is optimized with the Yoast SEO plugin v21.5 - https:\/\/yoast.com\/wordpress\/plugins\/seo\/ -->\n<title>Apply for the programs - PLACE<\/title>\n<meta name=\"robots\" content=\"index, follow, max-snippet:-1, max-image-preview:large, max-video-preview:-1\" \/>\n<link rel=\"canonical\" href=\"https:\/\/place-network.org\/fr\/apply-for-the-programs\/\" \/>\n<meta property=\"og:locale\" content=\"fr_FR\" \/>\n<meta property=\"og:type\" content=\"article\" \/>\n<meta property=\"og:title\" content=\"Apply for the programs - PLACE\" \/>\n<meta property=\"og:description\" content=\"Apply for PLACE programs &nbsp;The three sectors of business, public leadership, and media and art\u00a0that PLACE is active on, can play a crucial role in this integration process. For example, the business sector can offer employment opportunities and business training to help immigrants and refugees establish themselves and contribute to the local economy. Public leadership [&hellip;]\" \/>\n<meta property=\"og:url\" content=\"https:\/\/place-network.org\/fr\/apply-for-the-programs\/\" \/>\n<meta property=\"og:site_name\" content=\"PLACE\" \/>\n<meta property=\"article:modified_time\" content=\"2023-04-18T11:12:14+00:00\" \/>\n<meta name=\"twitter:card\" content=\"summary_large_image\" \/>\n<meta name=\"twitter:label1\" content=\"Dur\u00e9e de lecture estim\u00e9e\" \/>\n\t<meta name=\"twitter:data1\" content=\"5 minutes\" \/>\n<script type=\"application\/ld+json\" class=\"yoast-schema-graph\">{\"@context\":\"https:\/\/schema.org\",\"@graph\":[{\"@type\":\"WebPage\",\"@id\":\"https:\/\/place-network.org\/apply-for-the-programs\/\",\"url\":\"https:\/\/place-network.org\/apply-for-the-programs\/\",\"name\":\"Apply for the programs - PLACE\",\"isPartOf\":{\"@id\":\"https:\/\/place-network.org\/#website\"},\"datePublished\":\"2023-03-01T15:58:13+00:00\",\"dateModified\":\"2023-04-18T11:12:14+00:00\",\"breadcrumb\":{\"@id\":\"https:\/\/place-network.org\/apply-for-the-programs\/#breadcrumb\"},\"inLanguage\":\"fr-FR\",\"potentialAction\":[{\"@type\":\"ReadAction\",\"target\":[\"https:\/\/place-network.org\/apply-for-the-programs\/\"]}]},{\"@type\":\"BreadcrumbList\",\"@id\":\"https:\/\/place-network.org\/apply-for-the-programs\/#breadcrumb\",\"itemListElement\":[{\"@type\":\"ListItem\",\"position\":1,\"name\":\"Home\",\"item\":\"https:\/\/place-network.org\/\"},{\"@type\":\"ListItem\",\"position\":2,\"name\":\"Apply for the programs\"}]},{\"@type\":\"WebSite\",\"@id\":\"https:\/\/place-network.org\/#website\",\"url\":\"https:\/\/place-network.org\/\",\"name\":\"PLACE\",\"description\":\"Migrant-led innovation\",\"potentialAction\":[{\"@type\":\"SearchAction\",\"target\":{\"@type\":\"EntryPoint\",\"urlTemplate\":\"https:\/\/place-network.org\/?s={search_term_string}\"},\"query-input\":\"required name=search_term_string\"}],\"inLanguage\":\"fr-FR\"}]}<\/script>\n<!-- \/ Yoast SEO plugin. -->","yoast_head_json":{"title":"Apply for the programs - PLACE","robots":{"index":"index","follow":"follow","max-snippet":"max-snippet:-1","max-image-preview":"max-image-preview:large","max-video-preview":"max-video-preview:-1"},"canonical":"https:\/\/place-network.org\/fr\/apply-for-the-programs\/","og_locale":"fr_FR","og_type":"article","og_title":"Apply for the programs - PLACE","og_description":"Apply for PLACE programs &nbsp;The three sectors of business, public leadership, and media and art\u00a0that PLACE is active on, can play a crucial role in this integration process. For example, the business sector can offer employment opportunities and business training to help immigrants and refugees establish themselves and contribute to the local economy. Public leadership [&hellip;]","og_url":"https:\/\/place-network.org\/fr\/apply-for-the-programs\/","og_site_name":"PLACE","article_modified_time":"2023-04-18T11:12:14+00:00","twitter_card":"summary_large_image","twitter_misc":{"Dur\u00e9e de lecture estim\u00e9e":"5 minutes"},"schema":{"@context":"https:\/\/schema.org","@graph":[{"@type":"WebPage","@id":"https:\/\/place-network.org\/apply-for-the-programs\/","url":"https:\/\/place-network.org\/apply-for-the-programs\/","name":"Apply for the programs - PLACE","isPartOf":{"@id":"https:\/\/place-network.org\/#website"},"datePublished":"2023-03-01T15:58:13+00:00","dateModified":"2023-04-18T11:12:14+00:00","breadcrumb":{"@id":"https:\/\/place-network.org\/apply-for-the-programs\/#breadcrumb"},"inLanguage":"fr-FR","potentialAction":[{"@type":"ReadAction","target":["https:\/\/place-network.org\/apply-for-the-programs\/"]}]},{"@type":"BreadcrumbList","@id":"https:\/\/place-network.org\/apply-for-the-programs\/#breadcrumb","itemListElement":[{"@type":"ListItem","position":1,"name":"Home","item":"https:\/\/place-network.org\/"},{"@type":"ListItem","position":2,"name":"Apply for the programs"}]},{"@type":"WebSite","@id":"https:\/\/place-network.org\/#website","url":"https:\/\/place-network.org\/","name":"PLACE","description":"Migrant-led innovation","potentialAction":[{"@type":"SearchAction","target":{"@type":"EntryPoint","urlTemplate":"https:\/\/place-network.org\/?s={search_term_string}"},"query-input":"required name=search_term_string"}],"inLanguage":"fr-FR"}]}},"_links":{"self":[{"href":"https:\/\/place-network.org\/fr\/wp-json\/wp\/v2\/pages\/13159"}],"collection":[{"href":"https:\/\/place-network.org\/fr\/wp-json\/wp\/v2\/pages"}],"about":[{"href":"https:\/\/place-network.org\/fr\/wp-json\/wp\/v2\/types\/page"}],"author":[{"embeddable":true,"href":"https:\/\/place-network.org\/fr\/wp-json\/wp\/v2\/users\/63"}],"replies":[{"embeddable":true,"href":"https:\/\/place-network.org\/fr\/wp-json\/wp\/v2\/comments?post=13159"}],"version-history":[{"count":6,"href":"https:\/\/place-network.org\/fr\/wp-json\/wp\/v2\/pages\/13159\/revisions"}],"predecessor-version":[{"id":13232,"href":"https:\/\/place-network.org\/fr\/wp-json\/wp\/v2\/pages\/13159\/revisions\/13232"}],"wp:attachment":[{"href":"https:\/\/place-network.org\/fr\/wp-json\/wp\/v2\/media?parent=13159"}],"curies":[{"name":"wp","href":"https:\/\/api.w.org\/{rel}","templated":true}]}}