{"id":13168,"date":"2023-03-01T16:24:18","date_gmt":"2023-03-01T16:24:18","guid":{"rendered":"https:\/\/place-network.org\/?page_id=13168"},"modified":"2023-04-18T12:27:26","modified_gmt":"2023-04-18T12:27:26","slug":"up-collective-apply-form","status":"publish","type":"page","link":"https:\/\/place-network.org\/fr\/up-collective-apply-form\/","title":{"rendered":"Formulaire de candidature Up Collective"},"content":{"rendered":"<p>[et_pb_section fb_built=\u201d1\u2033 _builder_version=\u201d4.13.1\u2033 _module_preset=\u201ddefault\u201d use_background_color_gradient=\u201don\u201d background_color_gradient_start=\u201d#eb8c33\u2033 background_color_gradient_end=\u201d#ffffff\u201d background_color_gradient_direction=\u201d90deg\u201d background_color_gradient_start_position=\u201d48%\u201d background_color_gradient_end_position=\u201d48%\u201d global_colors_info=\u201d{}\u201d][et_pb_row column_structure=\u201d2_5,3_5\u2033 make_equal=\u201don\u201d _builder_version=\u201d4.13.1\u2033 _module_preset=\u201ddefault\u201d width=\u201d95%\u201d width_tablet=\u201d95%\u201d width_phone=&quot;95%&quot; width_last_edited=&quot;on|phone&quot; max_width=&quot;100%&quot; module_alignment=&quot;center&quot; custom_margin=&quot;|auto||auto|false|false&quot; custom_margin_tablet=&quot;||0%||false|false&quot; custom_margin_phone=&quot;||6%||false|false&quot; custom_margin_last_edited=&quot;on|desktop&quot; global_colors_info=&quot;{}&quot;][et_pb_column type=&quot;2_5&quot; _builder_version=&quot;4.13.1&quot; _module_preset=&quot;default&quot; global_colors_info=&quot;{}&quot;][et_pb_text _builder_version=&quot;4.13.1&quot; _module_preset=&quot;default&quot; text_font=&quot;Sequel Roman Corps||||||||\u201d text_text_color=\u201d#FFFFFF\u201d text_font_size=\u201d17px\u201d text_line_height=\u201d1.5em\u201d custom_margin=\u201d33px|-110px||43px|false|false\u201d global_colors_info=\u201d{}\u201d]<\/p>\n<p><span>Le programme Up Collective peut offrir un soutien aux immigrants et aux r\u00e9fugi\u00e9s en Europe qui souhaitent cr\u00e9er leur propre entreprise. Ce programme peut fournir des formations et des ressources sur des sujets tels que la planification d&#039;entreprise, le marketing et la gestion financi\u00e8re. En outre, le programme peut offrir des opportunit\u00e9s de mentorat et de r\u00e9seautage pour aider les immigrants et les r\u00e9fugi\u00e9s \u00e0 entrer en contact avec d&#039;autres entrepreneurs et investisseurs. En soutenant les entrepreneurs immigrants et r\u00e9fugi\u00e9s, ce programme peut contribuer \u00e0 stimuler la croissance \u00e9conomique et \u00e0 cr\u00e9er des emplois dans la communaut\u00e9 locale.<\/span><\/p>\n<p>[et_pb_text][et_pb_image src=\u201dhttps:\/\/place-network.org\/wp-content\/uploads\/2023\/03\/DSC09987.jpg\u201d title_text=\u201dDSC09987\u2033 _builder_version=\u201d4.13.1\u2033 _module_preset=\u201ddefault\u201d custom_margin=\u201d|-93px|34px|-31px|false|false\u201d custom_padding=\u201d34px|0px|0px|54px|false|false\u201d global_colors_info=\u201d{}\u201d][\/et_pb_image][\/et_pb_column][et_pb_column type=\u201d3_5\u2033 _builder_version=\u201d4.13.1\u2033 _module_preset=\u201ddefault\u201d global_colors_info=\u201d{}\u201d][et_pb_code _builder_version=&quot;4.13.1&quot; _module_preset=&quot;default&quot; use_background_color_gradient=&quot;on&quot; background_color_gradient_start=&quot;rgba(0,0,0,0)&quot; background_color_gradient_end=&quot;#ffffff&quot; custom_margin=&quot;|||82px|false|false&quot; hover_enabled=&quot;0&quot; global_colors_info=&quot;{}&quot; sticky_enabled=&quot;0&quot;]<iframe loading=\"lazy\" width=\"800\" height=\"1000\" src=\"https:\/\/ac386de0.sibforms.com\/serve\/MUIEAJ2S7Tox7wepLew1W-KtGhUE_cEtEhjSOhBPu26UxtA4j7eHkv-cDvBPzy7MR4JYaAocTnW-dyAy2pMAxs9GI54jiZNAmVy9MVUmlFV8NI7PWiaOT9b1kyrMR9H8HXmawymlZcNUMoaByuR-agoH2Kr9sJ7bmBROfG4hUi9CNJYegCzpDk91UjYloS5lpZXHA6OxTJESEFlJ\" frameborder=\"0\" scrolling=\"auto\" allowfullscreen style=\"display: block;margin-left: auto;margin-right: auto;max-width: 100%;\"><\/iframe>[\/et_pb_code][\/et_pb_column][\/et_pb_row][\/et_pb_section]<\/p>","protected":false},"excerpt":{"rendered":"<p>Le programme Up Collective peut apporter un soutien aux immigrants et r\u00e9fugi\u00e9s en Europe souhaitant cr\u00e9er leur propre entreprise. Ce programme propose des formations et des ressources sur des sujets tels que la cr\u00e9ation d&#039;entreprise, le marketing et la gestion financi\u00e8re. De plus, il offre un mentorat et des opportunit\u00e9s de r\u00e9seautage pour faciliter les \u00e9changes entre immigrants et r\u00e9fugi\u00e9s.<\/p>","protected":false},"author":63,"featured_media":0,"parent":0,"menu_order":0,"comment_status":"closed","ping_status":"closed","template":"","meta":{"_et_pb_use_builder":"on","_et_pb_old_content":"","_et_gb_content_width":"","_monsterinsights_skip_tracking":false,"_monsterinsights_sitenote_active":false,"_monsterinsights_sitenote_note":"","_monsterinsights_sitenote_category":0,"footnotes":""},"yoast_head":"<!-- This site is optimized with the Yoast SEO plugin v21.5 - https:\/\/yoast.com\/wordpress\/plugins\/seo\/ -->\n<title>Up Collective Apply form - PLACE<\/title>\n<meta name=\"robots\" content=\"index, follow, max-snippet:-1, max-image-preview:large, max-video-preview:-1\" \/>\n<link rel=\"canonical\" href=\"https:\/\/place-network.org\/fr\/up-collective-apply-form\/\" \/>\n<meta property=\"og:locale\" content=\"fr_FR\" \/>\n<meta property=\"og:type\" content=\"article\" \/>\n<meta property=\"og:title\" content=\"Up Collective Apply form - PLACE\" \/>\n<meta property=\"og:description\" content=\"The Up Collective program can offer support to immigrants and refugees in Europe who are interested in starting their own businesses. This program can provide training and resources on topics such as business planning, marketing, and financial management. Additionally, the program can offer mentorship and networking opportunities to help immigrants and refugees connect with other [&hellip;]\" \/>\n<meta property=\"og:url\" content=\"https:\/\/place-network.org\/fr\/up-collective-apply-form\/\" \/>\n<meta property=\"og:site_name\" content=\"PLACE\" \/>\n<meta property=\"article:modified_time\" content=\"2023-04-18T12:27:26+00:00\" \/>\n<meta name=\"twitter:card\" content=\"summary_large_image\" \/>\n<meta name=\"twitter:label1\" content=\"Dur\u00e9e de lecture estim\u00e9e\" \/>\n\t<meta name=\"twitter:data1\" content=\"2 minutes\" \/>\n<script type=\"application\/ld+json\" class=\"yoast-schema-graph\">{\"@context\":\"https:\/\/schema.org\",\"@graph\":[{\"@type\":\"WebPage\",\"@id\":\"https:\/\/place-network.org\/up-collective-apply-form\/\",\"url\":\"https:\/\/place-network.org\/up-collective-apply-form\/\",\"name\":\"Up Collective Apply form - PLACE\",\"isPartOf\":{\"@id\":\"https:\/\/place-network.org\/#website\"},\"datePublished\":\"2023-03-01T16:24:18+00:00\",\"dateModified\":\"2023-04-18T12:27:26+00:00\",\"breadcrumb\":{\"@id\":\"https:\/\/place-network.org\/up-collective-apply-form\/#breadcrumb\"},\"inLanguage\":\"fr-FR\",\"potentialAction\":[{\"@type\":\"ReadAction\",\"target\":[\"https:\/\/place-network.org\/up-collective-apply-form\/\"]}]},{\"@type\":\"BreadcrumbList\",\"@id\":\"https:\/\/place-network.org\/up-collective-apply-form\/#breadcrumb\",\"itemListElement\":[{\"@type\":\"ListItem\",\"position\":1,\"name\":\"Home\",\"item\":\"https:\/\/place-network.org\/\"},{\"@type\":\"ListItem\",\"position\":2,\"name\":\"Up Collective Apply form\"}]},{\"@type\":\"WebSite\",\"@id\":\"https:\/\/place-network.org\/#website\",\"url\":\"https:\/\/place-network.org\/\",\"name\":\"PLACE\",\"description\":\"Migrant-led innovation\",\"potentialAction\":[{\"@type\":\"SearchAction\",\"target\":{\"@type\":\"EntryPoint\",\"urlTemplate\":\"https:\/\/place-network.org\/?s={search_term_string}\"},\"query-input\":\"required name=search_term_string\"}],\"inLanguage\":\"fr-FR\"}]}<\/script>\n<!-- \/ Yoast SEO plugin. -->","yoast_head_json":{"title":"Up Collective Apply form - PLACE","robots":{"index":"index","follow":"follow","max-snippet":"max-snippet:-1","max-image-preview":"max-image-preview:large","max-video-preview":"max-video-preview:-1"},"canonical":"https:\/\/place-network.org\/fr\/up-collective-apply-form\/","og_locale":"fr_FR","og_type":"article","og_title":"Up Collective Apply form - PLACE","og_description":"The Up Collective program can offer support to immigrants and refugees in Europe who are interested in starting their own businesses. This program can provide training and resources on topics such as business planning, marketing, and financial management. Additionally, the program can offer mentorship and networking opportunities to help immigrants and refugees connect with other [&hellip;]","og_url":"https:\/\/place-network.org\/fr\/up-collective-apply-form\/","og_site_name":"PLACE","article_modified_time":"2023-04-18T12:27:26+00:00","twitter_card":"summary_large_image","twitter_misc":{"Dur\u00e9e de lecture estim\u00e9e":"2 minutes"},"schema":{"@context":"https:\/\/schema.org","@graph":[{"@type":"WebPage","@id":"https:\/\/place-network.org\/up-collective-apply-form\/","url":"https:\/\/place-network.org\/up-collective-apply-form\/","name":"Up Collective Apply form - PLACE","isPartOf":{"@id":"https:\/\/place-network.org\/#website"},"datePublished":"2023-03-01T16:24:18+00:00","dateModified":"2023-04-18T12:27:26+00:00","breadcrumb":{"@id":"https:\/\/place-network.org\/up-collective-apply-form\/#breadcrumb"},"inLanguage":"fr-FR","potentialAction":[{"@type":"ReadAction","target":["https:\/\/place-network.org\/up-collective-apply-form\/"]}]},{"@type":"BreadcrumbList","@id":"https:\/\/place-network.org\/up-collective-apply-form\/#breadcrumb","itemListElement":[{"@type":"ListItem","position":1,"name":"Home","item":"https:\/\/place-network.org\/"},{"@type":"ListItem","position":2,"name":"Up Collective Apply form"}]},{"@type":"WebSite","@id":"https:\/\/place-network.org\/#website","url":"https:\/\/place-network.org\/","name":"PLACE","description":"Migrant-led innovation","potentialAction":[{"@type":"SearchAction","target":{"@type":"EntryPoint","urlTemplate":"https:\/\/place-network.org\/?s={search_term_string}"},"query-input":"required name=search_term_string"}],"inLanguage":"fr-FR"}]}},"_links":{"self":[{"href":"https:\/\/place-network.org\/fr\/wp-json\/wp\/v2\/pages\/13168"}],"collection":[{"href":"https:\/\/place-network.org\/fr\/wp-json\/wp\/v2\/pages"}],"about":[{"href":"https:\/\/place-network.org\/fr\/wp-json\/wp\/v2\/types\/page"}],"author":[{"embeddable":true,"href":"https:\/\/place-network.org\/fr\/wp-json\/wp\/v2\/users\/63"}],"replies":[{"embeddable":true,"href":"https:\/\/place-network.org\/fr\/wp-json\/wp\/v2\/comments?post=13168"}],"version-history":[{"count":6,"href":"https:\/\/place-network.org\/fr\/wp-json\/wp\/v2\/pages\/13168\/revisions"}],"predecessor-version":[{"id":13237,"href":"https:\/\/place-network.org\/fr\/wp-json\/wp\/v2\/pages\/13168\/revisions\/13237"}],"wp:attachment":[{"href":"https:\/\/place-network.org\/fr\/wp-json\/wp\/v2\/media?parent=13168"}],"curies":[{"name":"wp","href":"https:\/\/api.w.org\/{rel}","templated":true}]}}