{"id":13175,"date":"2023-03-01T16:29:47","date_gmt":"2023-03-01T16:29:47","guid":{"rendered":"https:\/\/place-network.org\/?page_id=13175"},"modified":"2023-04-18T11:12:10","modified_gmt":"2023-04-18T11:12:10","slug":"emerging-leaders-apply-form","status":"publish","type":"page","link":"https:\/\/place-network.org\/fr\/emerging-leaders-apply-form\/","title":{"rendered":"Formulaire de candidature pour les leaders \u00e9mergents"},"content":{"rendered":"<p>[et_pb_section fb_built=\u201d1\u2033 _builder_version=\u201d4.13.1\u2033 _module_preset=\u201ddefault\u201d use_background_color_gradient=\u201don\u201d background_color_gradient_start=\u201d#eb8c33\u2033 background_color_gradient_end=\u201d#ffffff\u201d background_color_gradient_direction=\u201d90deg\u201d background_color_gradient_start_position=\u201d48%\u201d background_color_gradient_end_position=\u201d48%\u201d hover_enabled=\u201d0\u2033 global_colors_info=\u201d{}\u201d sticky_enabled=\u201d0\u2033][et_pb_row column_structure=\u201d2_5,3_5\u2033 make_equal=\u201don\u201d _builder_version=\u201d4.13.1\u2033 _module_preset=\u201ddefault\u201d largeur=&quot;95%&quot; largeur_tablette=&quot;95%&quot; largeur_t\u00e9l\u00e9phone=&quot;95%&quot; largeur_derni\u00e8re_modification=&quot;sur|t\u00e9l\u00e9phone&quot; largeur_max=&quot;100%&quot; alignement_module=&quot;centre&quot; marge_personnalis\u00e9e=&quot;|auto||auto|false|false&quot; marge_personnalis\u00e9e_tablette=&quot;||0%||false|false&quot; marge_personnalis\u00e9e_t\u00e9l\u00e9phone=&quot;||6%||false|false&quot; marge_personnalis\u00e9e_derni\u00e8re_modification=&quot;sur|ordinateur&quot; info_couleurs_globales=&quot;{}&quot;][et_pb_column type=&quot;2_5&quot; _builder_version=&quot;4.13.1&quot; _module_preset=&quot;default&quot; info_couleurs_globales=&quot;{}&quot;][et_pb_text _builder_version=\u201d4.13.1\u2033 _module_preset=\u201ddefault\u201d text_font=\u201dSequel Roman Body||||||||\u201d text_font_size=\u201d17px\u201d text_line_height=\u201d1.5em\u201d custom_margin=\u201d42px|-110px||43px|false|false\u201d hover_enabled=\u201d0\u2033 global_colors_info=\u201d{}\u201d text_text_color=\u201d#FFFFFF\u201d sticky_enabled=\u201d0\u2033]<\/p>\n<p><span>Le programme de leadership public peut aider les immigrants et les r\u00e9fugi\u00e9s en Europe \u00e0 acqu\u00e9rir les comp\u00e9tences et les connaissances n\u00e9cessaires pour devenir des leaders communautaires efficaces. Ce programme peut offrir une formation dans des domaines tels que l&#039;organisation communautaire, les politiques publiques et la d\u00e9fense des droits, et peut \u00e9galement offrir aux immigrants et aux r\u00e9fugi\u00e9s des occasions d&#039;entrer en contact avec des responsables gouvernementaux locaux et des dirigeants communautaires. En soutenant le d\u00e9veloppement des leaders immigrants et r\u00e9fugi\u00e9s, ce programme peut contribuer \u00e0 garantir que leurs voix soient entendues et qu&#039;ils soient en mesure de d\u00e9fendre leurs besoins et ceux de leurs communaut\u00e9s.<\/span><\/p>\n<p>[et_pb_text][et_pb_image src=\u201dhttps:\/\/place-network.org\/wp-content\/uploads\/2023\/04\/IMG_8066.jpg\u201d title_text=\u201dIMG_8066\u2033 _builder_version=\u201d4.13.1\u2033 _module_preset=\u201ddefault\u201d custom_margin=\u201d|-93px||-9px|false|false\u201d custom_padding=\u201d|0px||54px|false|false\u201d hover_enabled=\u201d0\u2033 global_colors_info=\u201d{}\u201d sticky_enabled=\u201d0\u2033][\/et_pb_image][\/et_pb_column][et_pb_column type=\u201d3_5\u2033 _builder_version=\u201d4.13.1\u2033 _module_preset=\u201ddefault\u201d global_colors_info=\u201d{}\u201d][et_pb_code _builder_version=\u201d4.13.1\u2033 _module_preset=\u201ddefault\u201d use_background_color_gradient=\u201don\u201d background_color_gradient_start=\u201drgba(0,0,0,0)\u201d background_color_gradient_end=\u201d#ffffff\u201d custom_margin=\u201d|||82px|false|false\u201d global_colors_info=\u201d{}\u201d]<iframe","protected":false},"excerpt":{"rendered":"<p>Le programme de formation au leadership public peut aider les immigrants et les r\u00e9fugi\u00e9s en Europe \u00e0 acqu\u00e9rir les comp\u00e9tences et les connaissances n\u00e9cessaires pour devenir des leaders communautaires efficaces. Ce programme propose des formations dans des domaines tels que l&#039;organisation communautaire, les politiques publiques et le plaidoyer, et offre \u00e9galement aux immigrants et aux r\u00e9fugi\u00e9s la possibilit\u00e9 d&#039;entrer en contact avec les \u00e9lus locaux et les acteurs communautaires.<\/p>","protected":false},"author":63,"featured_media":0,"parent":0,"menu_order":0,"comment_status":"closed","ping_status":"closed","template":"","meta":{"_et_pb_use_builder":"on","_et_pb_old_content":"","_et_gb_content_width":"","_monsterinsights_skip_tracking":false,"_monsterinsights_sitenote_active":false,"_monsterinsights_sitenote_note":"","_monsterinsights_sitenote_category":0,"footnotes":""},"yoast_head":"<!-- This site is optimized with the Yoast SEO plugin v21.5 - https:\/\/yoast.com\/wordpress\/plugins\/seo\/ -->\n<title>Emerging Leaders apply form - PLACE<\/title>\n<meta name=\"robots\" content=\"index, follow, max-snippet:-1, max-image-preview:large, max-video-preview:-1\" \/>\n<link rel=\"canonical\" href=\"https:\/\/place-network.org\/fr\/emerging-leaders-apply-form\/\" \/>\n<meta property=\"og:locale\" content=\"fr_FR\" \/>\n<meta property=\"og:type\" content=\"article\" \/>\n<meta property=\"og:title\" content=\"Emerging Leaders apply form - PLACE\" \/>\n<meta property=\"og:description\" content=\"The public leadership sector program can help immigrants and refugees in Europe develop the skills and knowledge needed to become effective community leaders. This program can offer training in areas such as community organizing, public policy, and advocacy, and can also provide opportunities for immigrants and refugees to connect with local government officials and community [&hellip;]\" \/>\n<meta property=\"og:url\" content=\"https:\/\/place-network.org\/fr\/emerging-leaders-apply-form\/\" \/>\n<meta property=\"og:site_name\" content=\"PLACE\" \/>\n<meta property=\"article:modified_time\" content=\"2023-04-18T11:12:10+00:00\" \/>\n<meta name=\"twitter:card\" content=\"summary_large_image\" \/>\n<meta name=\"twitter:label1\" content=\"Dur\u00e9e de lecture estim\u00e9e\" \/>\n\t<meta name=\"twitter:data1\" content=\"2 minutes\" \/>\n<script type=\"application\/ld+json\" class=\"yoast-schema-graph\">{\"@context\":\"https:\/\/schema.org\",\"@graph\":[{\"@type\":\"WebPage\",\"@id\":\"https:\/\/place-network.org\/emerging-leaders-apply-form\/\",\"url\":\"https:\/\/place-network.org\/emerging-leaders-apply-form\/\",\"name\":\"Emerging Leaders apply form - PLACE\",\"isPartOf\":{\"@id\":\"https:\/\/place-network.org\/#website\"},\"datePublished\":\"2023-03-01T16:29:47+00:00\",\"dateModified\":\"2023-04-18T11:12:10+00:00\",\"breadcrumb\":{\"@id\":\"https:\/\/place-network.org\/emerging-leaders-apply-form\/#breadcrumb\"},\"inLanguage\":\"fr-FR\",\"potentialAction\":[{\"@type\":\"ReadAction\",\"target\":[\"https:\/\/place-network.org\/emerging-leaders-apply-form\/\"]}]},{\"@type\":\"BreadcrumbList\",\"@id\":\"https:\/\/place-network.org\/emerging-leaders-apply-form\/#breadcrumb\",\"itemListElement\":[{\"@type\":\"ListItem\",\"position\":1,\"name\":\"Home\",\"item\":\"https:\/\/place-network.org\/\"},{\"@type\":\"ListItem\",\"position\":2,\"name\":\"Emerging Leaders apply form\"}]},{\"@type\":\"WebSite\",\"@id\":\"https:\/\/place-network.org\/#website\",\"url\":\"https:\/\/place-network.org\/\",\"name\":\"PLACE\",\"description\":\"Migrant-led innovation\",\"potentialAction\":[{\"@type\":\"SearchAction\",\"target\":{\"@type\":\"EntryPoint\",\"urlTemplate\":\"https:\/\/place-network.org\/?s={search_term_string}\"},\"query-input\":\"required name=search_term_string\"}],\"inLanguage\":\"fr-FR\"}]}<\/script>\n<!-- \/ Yoast SEO plugin. -->","yoast_head_json":{"title":"Emerging Leaders apply form - PLACE","robots":{"index":"index","follow":"follow","max-snippet":"max-snippet:-1","max-image-preview":"max-image-preview:large","max-video-preview":"max-video-preview:-1"},"canonical":"https:\/\/place-network.org\/fr\/emerging-leaders-apply-form\/","og_locale":"fr_FR","og_type":"article","og_title":"Emerging Leaders apply form - PLACE","og_description":"The public leadership sector program can help immigrants and refugees in Europe develop the skills and knowledge needed to become effective community leaders. This program can offer training in areas such as community organizing, public policy, and advocacy, and can also provide opportunities for immigrants and refugees to connect with local government officials and community [&hellip;]","og_url":"https:\/\/place-network.org\/fr\/emerging-leaders-apply-form\/","og_site_name":"PLACE","article_modified_time":"2023-04-18T11:12:10+00:00","twitter_card":"summary_large_image","twitter_misc":{"Dur\u00e9e de lecture estim\u00e9e":"2 minutes"},"schema":{"@context":"https:\/\/schema.org","@graph":[{"@type":"WebPage","@id":"https:\/\/place-network.org\/emerging-leaders-apply-form\/","url":"https:\/\/place-network.org\/emerging-leaders-apply-form\/","name":"Emerging Leaders apply form - PLACE","isPartOf":{"@id":"https:\/\/place-network.org\/#website"},"datePublished":"2023-03-01T16:29:47+00:00","dateModified":"2023-04-18T11:12:10+00:00","breadcrumb":{"@id":"https:\/\/place-network.org\/emerging-leaders-apply-form\/#breadcrumb"},"inLanguage":"fr-FR","potentialAction":[{"@type":"ReadAction","target":["https:\/\/place-network.org\/emerging-leaders-apply-form\/"]}]},{"@type":"BreadcrumbList","@id":"https:\/\/place-network.org\/emerging-leaders-apply-form\/#breadcrumb","itemListElement":[{"@type":"ListItem","position":1,"name":"Home","item":"https:\/\/place-network.org\/"},{"@type":"ListItem","position":2,"name":"Emerging Leaders apply form"}]},{"@type":"WebSite","@id":"https:\/\/place-network.org\/#website","url":"https:\/\/place-network.org\/","name":"PLACE","description":"Migrant-led innovation","potentialAction":[{"@type":"SearchAction","target":{"@type":"EntryPoint","urlTemplate":"https:\/\/place-network.org\/?s={search_term_string}"},"query-input":"required name=search_term_string"}],"inLanguage":"fr-FR"}]}},"_links":{"self":[{"href":"https:\/\/place-network.org\/fr\/wp-json\/wp\/v2\/pages\/13175"}],"collection":[{"href":"https:\/\/place-network.org\/fr\/wp-json\/wp\/v2\/pages"}],"about":[{"href":"https:\/\/place-network.org\/fr\/wp-json\/wp\/v2\/types\/page"}],"author":[{"embeddable":true,"href":"https:\/\/place-network.org\/fr\/wp-json\/wp\/v2\/users\/63"}],"replies":[{"embeddable":true,"href":"https:\/\/place-network.org\/fr\/wp-json\/wp\/v2\/comments?post=13175"}],"version-history":[{"count":4,"href":"https:\/\/place-network.org\/fr\/wp-json\/wp\/v2\/pages\/13175\/revisions"}],"predecessor-version":[{"id":13230,"href":"https:\/\/place-network.org\/fr\/wp-json\/wp\/v2\/pages\/13175\/revisions\/13230"}],"wp:attachment":[{"href":"https:\/\/place-network.org\/fr\/wp-json\/wp\/v2\/media?parent=13175"}],"curies":[{"name":"wp","href":"https:\/\/api.w.org\/{rel}","templated":true}]}}