{"id":13182,"date":"2023-03-01T16:34:54","date_gmt":"2023-03-01T16:34:54","guid":{"rendered":"https:\/\/place-network.org\/?page_id=13182"},"modified":"2023-04-18T12:28:58","modified_gmt":"2023-04-18T12:28:58","slug":"work-with-place","status":"publish","type":"page","link":"https:\/\/place-network.org\/fr\/work-with-place\/","title":{"rendered":"Travaillez avec PLACE"},"content":{"rendered":"<p>[et_pb_section fb_built=\u201d1\u2033 _builder_version=\u201d4.13.1\u2033 _module_preset=\u201ddefault\u201d use_background_color_gradient=\u201don\u201d background_color_gradient_start=\u201d#eb8c33\u2033 background_color_gradient_end=\u201d#ffffff\u201d background_color_gradient_direction=\u201d90deg\u201d background_color_gradient_start_position=\u201d48%\u201d background_color_gradient_end_position=\u201d48%\u201d hover_enabled=\u201d0\u2033 global_colors_info=\u201d{}\u201d sticky_enabled=\u201d0\u2033][et_pb_row column_structure=\u201d2_5,3_5\u2033 make_equal=\u201don\u201d _builder_version=\u201d4.13.1\u2033 _module_preset=\u201ddefault\u201d largeur=&quot;95%&quot; largeur_tablette=&quot;95%&quot; largeur_t\u00e9l\u00e9phone=&quot;95%&quot; largeur_derni\u00e8re_modification=&quot;sur|t\u00e9l\u00e9phone&quot; largeur_max=&quot;100%&quot; alignement_module=&quot;centre&quot; marge_personnalis\u00e9e=&quot;|auto||auto|false|false&quot; marge_personnalis\u00e9e_tablette=&quot;||0%||false|false&quot; marge_personnalis\u00e9e_t\u00e9l\u00e9phone=&quot;||6%||false|false&quot; marge_personnalis\u00e9e_derni\u00e8re_modification=&quot;sur|ordinateur&quot; info_couleurs_globales=&quot;{}&quot;][et_pb_column type=&quot;2_5&quot; _builder_version=&quot;4.13.1&quot; _module_preset=&quot;default&quot; info_couleurs_globales=&quot;{}&quot;][et_pb_text _builder_version=\u201d4.13.1\u2033 _module_preset=\u201ddefault\u201d text_font=\u201dSequel Roman Body||||||||\u201d text_font_size=\u201d17px\u201d text_line_height=\u201d1.5em\u201d custom_margin=\u201d42px|-110px||43px|false|false\u201d hover_enabled=\u201d0\u2033 global_colors_info=\u201d{}\u201d text_text_color=\u201d#FFFFFF\u201d sticky_enabled=\u201d0\u2033]<\/p>\n<p>Nous sommes convaincus que les partenariats sont essentiels \u00e0 la r\u00e9alisation de notre mission et nous sommes ravis d&#039;explorer d&#039;\u00e9ventuelles collaborations avec des entreprises qui partagent notre engagement \u00e0 cr\u00e9er un avenir meilleur pour les nouveaux arrivants. En tant que partenaire, vous aurez l&#039;opportunit\u00e9 de nous rejoindre et d&#039;avoir un impact positif sur la vie des personnes contraintes de fuir leur foyer. Ensemble, nous pouvons cr\u00e9er un environnement plus accueillant et inclusif pour les nouveaux arrivants en Europe.<\/p>\n<p>Que vous soyez une entreprise, une organisation \u00e0 but non lucratif ou un particulier passionn\u00e9 par l&#039;accompagnement des nouveaux arrivants, nous vous invitons \u00e0 nous contacter pour en savoir plus sur la mani\u00e8re dont nous pouvons collaborer. Ensemble, nous pouvons am\u00e9liorer la vie des personnes d\u00e9plac\u00e9es et contribuer \u00e0 b\u00e2tir une communaut\u00e9 plus forte et plus r\u00e9siliente pour tous.<\/p>\n<p>[et_pb_text][et_pb_image src=\u201dhttps:\/\/place-network.org\/wp-content\/uploads\/2022\/01\/DSC04599.jpg\u201d title_text=\u201dDSC04599\u2033 _builder_version=\u201d4.13.1\u2033 _module_preset=\u201ddefault\u201d custom_margin=\u201d|-93px||-9px|false|false\u201d custom_padding=\u201d|0px||54px|false|false\u201d global_colors_info=\u201d{}\u201d][\/et_pb_image][\/et_pb_column][et_pb_column type=\u201d3_5\u2033 _builder_version=\u201d4.13.1\u2033 _module_preset=\u201ddefault\u201d global_colors_info=\u201d{}\u201d][et_pb_code _builder_version=&quot;4.13.1&quot; _module_preset=&quot;default&quot; use_background_color_gradient=&quot;on&quot; background_color_gradient_start=&quot;rgba(0,0,0,0)&quot; background_color_gradient_end=&quot;#ffffff&quot; custom_margin=&quot;|||82px|false|false&quot; global_colors_info=&quot;{}&quot;]<iframe loading=\"lazy\" width=\"800\" height=\"1000\" src=\"https:\/\/ac386de0.sibforms.com\/serve\/MUIEAD5EiQ665KGPjhNpH6sI5XbOCh2dE-jOhb_sc07rhCnGBd7QQFSe9VGqSgpmuf8Q_vGerij40WhoTorseCSkbkEyonI0ASXZsfmDQw-lkGrWudo4m99UANEhdh5yb1pAorXIEODMd1iDmU0UH9o-o3a5koSdLBEc7bLFTmPBzyOPbpoZosw8xjckwjga-rIWv4StDjMUZTKp\" frameborder=\"0\" scrolling=\"auto\" allowfullscreen style=\"display: block;margin-left: auto;margin-right: auto;max-width: 100%;\"><\/iframe>[\/et_pb_code][\/et_pb_column][\/et_pb_row][\/et_pb_section]<\/p>","protected":false},"excerpt":{"rendered":"<p>Nous sommes convaincus que les partenariats sont essentiels \u00e0 la r\u00e9alisation de notre mission et nous sommes enthousiastes \u00e0 l&#039;id\u00e9e d&#039;explorer des collaborations potentielles avec des entreprises qui partagent notre engagement \u00e0 b\u00e2tir un avenir meilleur pour les nouveaux arrivants. En tant que partenaire, vous aurez l&#039;opportunit\u00e9 de vous joindre \u00e0 nous pour avoir un impact positif sur la vie des personnes qui ont \u00e9t\u00e9 [\u2026]<\/p>","protected":false},"author":63,"featured_media":0,"parent":0,"menu_order":0,"comment_status":"closed","ping_status":"closed","template":"","meta":{"_et_pb_use_builder":"on","_et_pb_old_content":"","_et_gb_content_width":"","_monsterinsights_skip_tracking":false,"_monsterinsights_sitenote_active":false,"_monsterinsights_sitenote_note":"","_monsterinsights_sitenote_category":0,"footnotes":""},"yoast_head":"<!-- This site is optimized with the Yoast SEO plugin v21.5 - https:\/\/yoast.com\/wordpress\/plugins\/seo\/ -->\n<title>Work with PLACE - PLACE<\/title>\n<meta name=\"robots\" content=\"index, follow, max-snippet:-1, max-image-preview:large, max-video-preview:-1\" \/>\n<link rel=\"canonical\" href=\"https:\/\/place-network.org\/fr\/work-with-place\/\" \/>\n<meta property=\"og:locale\" content=\"fr_FR\" \/>\n<meta property=\"og:type\" content=\"article\" \/>\n<meta property=\"og:title\" content=\"Work with PLACE - PLACE\" \/>\n<meta property=\"og:description\" content=\"We believe that partnerships are critical to achieving our mission, and we are excited to explore potential collaborations with companies who share our commitment to creating a brighter future for newcomers. As a partner, you will have the opportunity to join us in making a positive impact in the lives of individuals who have been [&hellip;]\" \/>\n<meta property=\"og:url\" content=\"https:\/\/place-network.org\/fr\/work-with-place\/\" \/>\n<meta property=\"og:site_name\" content=\"PLACE\" \/>\n<meta property=\"article:modified_time\" content=\"2023-04-18T12:28:58+00:00\" \/>\n<meta name=\"twitter:card\" content=\"summary_large_image\" \/>\n<meta name=\"twitter:label1\" content=\"Dur\u00e9e de lecture estim\u00e9e\" \/>\n\t<meta name=\"twitter:data1\" content=\"2 minutes\" \/>\n<script type=\"application\/ld+json\" class=\"yoast-schema-graph\">{\"@context\":\"https:\/\/schema.org\",\"@graph\":[{\"@type\":\"WebPage\",\"@id\":\"https:\/\/place-network.org\/work-with-place\/\",\"url\":\"https:\/\/place-network.org\/work-with-place\/\",\"name\":\"Work with PLACE - PLACE\",\"isPartOf\":{\"@id\":\"https:\/\/place-network.org\/#website\"},\"datePublished\":\"2023-03-01T16:34:54+00:00\",\"dateModified\":\"2023-04-18T12:28:58+00:00\",\"breadcrumb\":{\"@id\":\"https:\/\/place-network.org\/work-with-place\/#breadcrumb\"},\"inLanguage\":\"fr-FR\",\"potentialAction\":[{\"@type\":\"ReadAction\",\"target\":[\"https:\/\/place-network.org\/work-with-place\/\"]}]},{\"@type\":\"BreadcrumbList\",\"@id\":\"https:\/\/place-network.org\/work-with-place\/#breadcrumb\",\"itemListElement\":[{\"@type\":\"ListItem\",\"position\":1,\"name\":\"Home\",\"item\":\"https:\/\/place-network.org\/\"},{\"@type\":\"ListItem\",\"position\":2,\"name\":\"Work with PLACE\"}]},{\"@type\":\"WebSite\",\"@id\":\"https:\/\/place-network.org\/#website\",\"url\":\"https:\/\/place-network.org\/\",\"name\":\"PLACE\",\"description\":\"Migrant-led innovation\",\"potentialAction\":[{\"@type\":\"SearchAction\",\"target\":{\"@type\":\"EntryPoint\",\"urlTemplate\":\"https:\/\/place-network.org\/?s={search_term_string}\"},\"query-input\":\"required name=search_term_string\"}],\"inLanguage\":\"fr-FR\"}]}<\/script>\n<!-- \/ Yoast SEO plugin. -->","yoast_head_json":{"title":"Work with PLACE - PLACE","robots":{"index":"index","follow":"follow","max-snippet":"max-snippet:-1","max-image-preview":"max-image-preview:large","max-video-preview":"max-video-preview:-1"},"canonical":"https:\/\/place-network.org\/fr\/work-with-place\/","og_locale":"fr_FR","og_type":"article","og_title":"Work with PLACE - PLACE","og_description":"We believe that partnerships are critical to achieving our mission, and we are excited to explore potential collaborations with companies who share our commitment to creating a brighter future for newcomers. As a partner, you will have the opportunity to join us in making a positive impact in the lives of individuals who have been [&hellip;]","og_url":"https:\/\/place-network.org\/fr\/work-with-place\/","og_site_name":"PLACE","article_modified_time":"2023-04-18T12:28:58+00:00","twitter_card":"summary_large_image","twitter_misc":{"Dur\u00e9e de lecture estim\u00e9e":"2 minutes"},"schema":{"@context":"https:\/\/schema.org","@graph":[{"@type":"WebPage","@id":"https:\/\/place-network.org\/work-with-place\/","url":"https:\/\/place-network.org\/work-with-place\/","name":"Work with PLACE - PLACE","isPartOf":{"@id":"https:\/\/place-network.org\/#website"},"datePublished":"2023-03-01T16:34:54+00:00","dateModified":"2023-04-18T12:28:58+00:00","breadcrumb":{"@id":"https:\/\/place-network.org\/work-with-place\/#breadcrumb"},"inLanguage":"fr-FR","potentialAction":[{"@type":"ReadAction","target":["https:\/\/place-network.org\/work-with-place\/"]}]},{"@type":"BreadcrumbList","@id":"https:\/\/place-network.org\/work-with-place\/#breadcrumb","itemListElement":[{"@type":"ListItem","position":1,"name":"Home","item":"https:\/\/place-network.org\/"},{"@type":"ListItem","position":2,"name":"Work with PLACE"}]},{"@type":"WebSite","@id":"https:\/\/place-network.org\/#website","url":"https:\/\/place-network.org\/","name":"PLACE","description":"Migrant-led innovation","potentialAction":[{"@type":"SearchAction","target":{"@type":"EntryPoint","urlTemplate":"https:\/\/place-network.org\/?s={search_term_string}"},"query-input":"required name=search_term_string"}],"inLanguage":"fr-FR"}]}},"_links":{"self":[{"href":"https:\/\/place-network.org\/fr\/wp-json\/wp\/v2\/pages\/13182"}],"collection":[{"href":"https:\/\/place-network.org\/fr\/wp-json\/wp\/v2\/pages"}],"about":[{"href":"https:\/\/place-network.org\/fr\/wp-json\/wp\/v2\/types\/page"}],"author":[{"embeddable":true,"href":"https:\/\/place-network.org\/fr\/wp-json\/wp\/v2\/users\/63"}],"replies":[{"embeddable":true,"href":"https:\/\/place-network.org\/fr\/wp-json\/wp\/v2\/comments?post=13182"}],"version-history":[{"count":4,"href":"https:\/\/place-network.org\/fr\/wp-json\/wp\/v2\/pages\/13182\/revisions"}],"predecessor-version":[{"id":13239,"href":"https:\/\/place-network.org\/fr\/wp-json\/wp\/v2\/pages\/13182\/revisions\/13239"}],"wp:attachment":[{"href":"https:\/\/place-network.org\/fr\/wp-json\/wp\/v2\/media?parent=13182"}],"curies":[{"name":"wp","href":"https:\/\/api.w.org\/{rel}","templated":true}]}}