{"id":4171,"date":"2019-08-05T23:22:11","date_gmt":"2019-08-05T23:22:11","guid":{"rendered":"http:\/\/place-network.org\/?page_id=4171"},"modified":"2026-03-05T11:58:57","modified_gmt":"2026-03-05T11:58:57","slug":"stories","status":"publish","type":"page","link":"https:\/\/place-network.org\/fr\/stories\/","title":{"rendered":"Stories of PLACE"},"content":{"rendered":"<p>[et_pb_section fb_built=\u201d1\u2033 fullwidth=\u201don\u201d _builder_version=\u201d4.16\u2033 custom_padding=\u201d0px|0px|0|0px|false|false\u201d global_colors_info=\u201d{}\u201d][et_pb_fullwidth_header title=\u201dHistoires de lieux\u201d subhead=\u201dL\u00e0 o\u00f9 l\u2019innovation et la migration se rencontrent\u201d _builder_version=\u201d4.16\u2033 title_font=\u201d|600|||||||\u201d title_text_align=\u201dcenter\u201d title_font_size=\u201d50px\u201d title_letter_spacing=\u201d-5px\u201d subhead_font=\u201dHavelock Solid||||||||\u201d subhead_text_align=&quot;center&quot; subhead_font_size=&quot;30px&quot; subhead_letter_spacing=&quot;-3px&quot; subhead_line_height=&quot;1.1em&quot; subhead_font_tablet=&quot;&quot; subhead_font_phone=&quot;&quot; subhead_font_last_edited=&quot;on|desktop&quot; global_colors_info=&quot;{}&quot;][\/et_pb_fullwidth_header][\/et_pb_section][et_pb_section fb_built=&quot;1&quot; _builder_version=&quot;4.23.1&quot; use_background_color_gradient=&quot;on&quot; background_color_gradient_direction=&quot;16deg&quot; background_color_gradient_stops=&quot;#ffffff 50%|#fcd21d 50%&quot; background_color_gradient_start=&quot;#ffffff&quot; background_color_gradient_start_position=\u201d50%\u201d background_color_gradient_end=\u201d#fcd21d\u201d background_color_gradient_end_position=\u201d50%\u201d custom_padding=\u201d0|0px|0|0px|false|false\u201d global_colors_info=\u201d{}\u201d][et_pb_row column_structure=\u201d1_2,1_2\u2033 use_custom_gutter=\u201don\u201d gutter_width=\u201d2\u2033 make_equal=\u201don\u201d custom_padding_last_edited=\u201don|phone\u201d module_class=\u201d et_pb_row_fullwidth\u201d _builder_version=\u201d4.16\u2033 width=\u201d94%\u201d width_tablet=\u201d80%\u201d width_phone=\u201d\u201d width_last_edited=\u201don|desktop\u201d max_width=&quot;94%&quot; max_width_tablet=&quot;80%&quot; max_width_phone=&quot;&quot; max_width_last_edited=&quot;on|desktop&quot; custom_padding=&quot;0|0px|0|0px|false|false&quot; custom_padding_tablet=&quot;&quot; custom_padding_phone=&quot;&quot; make_fullwidth=&quot;on&quot; global_colors_info=&quot;{}&quot;][et_pb_column type=&quot;1_2&quot; _builder_version=&quot;4.16&quot; custom_padding=&quot;|||&quot; global_colors_info=&quot;{}&quot; custom_padding__hover=&quot;|||&quot;][et_pb_post_slider posts_number=&quot;3&quot; include_categories=&quot;19&quot; show_pagination=&quot;off&quot; excerpt_length=&quot;120&quot; show_meta=&quot;off&quot; use_bg_overlay=&quot;off&quot; use_text_overlay=&quot;on&quot; text_overlay_color=&quot;rgba(0,0,0,0.55)&quot; _builder_version=&quot;4.16&quot; header_level=&quot;h1&quot; header_font=&quot;Havelock Solid||||||||&quot; header_text_color=&quot;#ffffff&quot; header_font_size=&quot;20px&quot; header_letter_spacing=&quot;-2px&quot; body_font=&quot;Sequel Body Bold Text||on||||||&quot; body_text_align=&quot;left&quot; body_line_height=&quot;1.2em&quot; custom_button=&quot;on&quot; button_text_size=&quot;18px&quot; button_text_color=&quot;#ffffff&quot; button_bg_color=&quot;rgba(0,0,0,0.39)&quot; button_border_width=&quot;3px&quot; button_border_radius=&quot;6px&quot; button_letter_spacing=&quot;-2px&quot; button_font=&quot;Havelock Solid||||||||&quot; button_icon=&quot;&quot;.||divi||400&quot; button_alignment=&quot;center&quot; custom_margin=&quot;||50px&quot; custom_padding=&quot;||&quot; custom_padding_tablet=&quot;||&quot; custom_padding_phone=&quot;||80px&quot; custom_padding_last_edited=&quot;on|phone&quot; custom_css_slide_description=&quot;position: absolute;||bottom: -90px;&quot; custom_css_slide_button=&quot;position: relative;||bottom: 15px;||margin-left: auto;&quot; box_shadow_style=\u201dpreset5\u2033 box_shadow_vertical=\u201d-1px\u201d box_shadow_spread=\u201d12px\u201d box_shadow_color=\u201d#ffffff\u201d global_colors_info=\u201d{}\u201d][\/et_pb_post_slider][et_pb_post_slider posts_number=\u201d3\u2033 include_categories=\u201d12\u2033 show_pagination=\u201doff\u201d excerpt_length=\u201d120\u2033 show_meta=\u201doff\u201d use_bg_overlay=\u201doff\u201d use_text_overlay=\u201don\u201d text_overlay_color=\u201drgba(0,0,0,0.55)\u201d _builder_version=\u201d4.16\u2033 header_level=\u201dh1\u2033 header_font=\u201dHavelock Solid||||||||\u201d Couleur du texte de l&#039;en-t\u00eate\u00a0: #ffffff\u00a0; taille de la police de l&#039;en-t\u00eate\u00a0: 20\u00a0px\u00a0; espacement des lettres de l&#039;en-t\u00eate\u00a0: -2\u00a0px\u00a0; police du corps\u00a0: Sequel Body Bold Text\u00a0; alignement du texte du corps\u00a0: gauche\u00a0; hauteur de ligne du corps\u00a0: 1,2\u00a0em\u00a0; bouton personnalis\u00e9\u00a0: activ\u00e9\u00a0; taille du texte du bouton\u00a0: 18\u00a0px\u00a0; couleur du texte du bouton\u00a0: #ffffff\u00a0; couleur de fond du bouton\u00a0: rgba(0,0,0,0,39)\u00a0; largeur de la bordure du bouton\u00a0: 3\u00a0px\u00a0; rayon de la bordure du bouton\u00a0: 6\u00a0px\u00a0; espacement des lettres du bouton\u00a0: -2\u00a0px\u00a0; police du bouton\u00a0: Havelock Solid\u00a0; ic\u00f4ne du bouton\u00a0: divi400\u00a0; alignement du bouton\u00a0: centr\u00e9\u00a0; marge personnalis\u00e9e\u00a0: 50\u00a0px\u00a0; remplissage personnalis\u00e9\u00a0: custom_padding_tablet=&quot;||&quot; custom_padding_phone=&quot;||80px&quot; custom_padding_last_edited=&quot;on|phone&quot; custom_css_slide_description=&quot;position: absolute;||bottom: -90px;&quot; custom_css_slide_button=&quot;position: relative;||bottom: 15px;||margin-left: auto;&quot; box_shadow_style=\u201dpreset5\u2033 box_shadow_vertical=\u201d-1px\u201d box_shadow_spread=\u201d12px\u201d box_shadow_color=\u201d#ffffff\u201d global_colors_info=\u201d{}\u201d][\/et_pb_post_slider][et_pb_post_slider posts_number=\u201d3\u2033 include_categories=\u201d20\u2033 show_pagination=\u201doff\u201d excerpt_length=\u201d120\u2033 show_meta=\u201doff\u201d use_bg_overlay=\u201doff\u201d use_text_overlay=\u201don\u201d text_overlay_color=\u201drgba(0,0,0,0.55)\u201d _builder_version=\u201d4.16\u2033 header_level=\u201dh1\u2033 header_font=\u201dHavelock Solid||||||||\u201d Couleur du texte de l&#039;en-t\u00eate\u00a0: #ffffff\u00a0; taille de la police de l&#039;en-t\u00eate\u00a0: 20\u00a0px\u00a0; espacement des lettres de l&#039;en-t\u00eate\u00a0: -2\u00a0px\u00a0; police du corps\u00a0: Sequel Body Bold Text\u00a0; alignement du texte du corps\u00a0: gauche\u00a0; hauteur de ligne du corps\u00a0: 1,2\u00a0em\u00a0; bouton personnalis\u00e9\u00a0: activ\u00e9\u00a0; taille du texte du bouton\u00a0: 18\u00a0px\u00a0; couleur du texte du bouton\u00a0: #ffffff\u00a0; couleur de fond du bouton\u00a0: rgba(0,0,0,0,39)\u00a0; largeur de la bordure du bouton\u00a0: 3\u00a0px\u00a0; rayon de la bordure du bouton\u00a0: 6\u00a0px\u00a0; espacement des lettres du bouton\u00a0: -2\u00a0px\u00a0; police du bouton\u00a0: Havelock Solid\u00a0; ic\u00f4ne du bouton\u00a0: divi400\u00a0; alignement du bouton\u00a0: centr\u00e9\u00a0; marge personnalis\u00e9e\u00a0: 50\u00a0px\u00a0; remplissage personnalis\u00e9\u00a0: custom_padding_tablet=&quot;||&quot; custom_padding_phone=&quot;||80px&quot; custom_padding_last_edited=&quot;on|phone&quot; custom_css_slide_description=&quot;position: absolute;||bottom: -90px;&quot; custom_css_slide_button=&quot;position: relative;||bottom: 15px;||margin-left: auto;&quot; box_shadow_style=&quot;preset5&quot; box_shadow_vertical=&quot;-1px&quot; box_shadow_spread=&quot;12px&quot; box_shadow_color=&quot;#ffffff&quot; global_colors_info=&quot;{}&quot;][\/et_pb_post_slider][\/et_pb_column][et_pb_column type=&quot;1_2&quot; _builder_version=&quot;4.16&quot; custom_padding=&quot;|||&quot; global_colors_info=&quot;{}&quot; custom_padding__hover=&quot;|||&quot;][et_pb_post_slider posts_number=&quot;3&quot; include_categories=&quot;17&quot; show_pagination=&quot;off&quot; excerpt_length=&quot;120&quot; show_meta=&quot;off&quot; use_bg_overlay=&quot;off&quot; use_text_overlay=&quot;on&quot; text_overlay_color=&quot;rgba(0,0,0,0.55)&quot; _builder_version=&quot;4.23.1&quot; header_level=&quot;h1&quot; header_font=&quot;Havelock Solid||||||||&quot; header_text_color=&quot;#ffffff&quot; header_font_size=&quot;20px&quot; header_letter_spacing=&quot;-2px&quot; body_font=&quot;Sequel Body Bold Text||on||||||&quot; body_text_align=&quot;left&quot; body_line_height=&quot;1.2em&quot; custom_button=&quot;on&quot; button_text_size=&quot;18px&quot; button_text_color=&quot;#ffffff&quot; button_bg_color=&quot;rgba(0,0,0,0.39)&quot; button_border_width=&quot;3px&quot; button_border_radius=&quot;6px&quot; button_letter_spacing=&quot;-2px&quot; button_font=&quot;Havelock Solid||||||||&quot; button_icon=&quot;&quot;.||divi||400&quot; button_alignment=&quot;center&quot; width_tablet=&quot;&quot; width_phone=&quot;&quot; width_last_edited=&quot;on|phone&quot; custom_margin=&quot;||50px&quot; custom_padding=&quot;||&quot; custom_padding_tablet=&quot;||&quot; custom_padding_phone=&quot;||80px&quot; custom_padding_last_edited=&quot;on|phone&quot; hover_enabled=&quot;0&quot; custom_css_slide_description=&quot;position: absolute;||bottom: -90px;&quot; custom_css_slide_button=&quot;position: relative;||bottom: 15px;||margin-left: auto;&quot; box_shadow_style=\u201dpreset5\u2033 box_shadow_vertical=\u201d-1px\u201d box_shadow_spread=\u201d12px\u201d box_shadow_color=\u201d#ffffff\u201d global_colors_info=\u201d{}\u201d sticky_enabled=\u201d0\u2033][\/et_pb_post_slider][et_pb_post_slider posts_number=\u201d3\u2033 include_categories=\u201d11\u2033 show_pagination=\u201doff\u201d excerpt_length=\u201d120\u2033 show_meta=\u201doff\u201d use_bg_overlay=\u201doff\u201d use_text_overlay=\u201don\u201d text_overlay_color=\u201drgba(0,0,0,0.55)\u201d _builder_version=\u201d4.16\u2033 header_level=\u201dh1\u2033 header_font=\u201dHavelock Solid||||||||\u201d Couleur du texte de l&#039;en-t\u00eate\u00a0: #ffffff\u00a0; taille de la police de l&#039;en-t\u00eate\u00a0: 20\u00a0px\u00a0; espacement des lettres de l&#039;en-t\u00eate\u00a0: -2\u00a0px\u00a0; police du corps\u00a0: Sequel Body Bold Text\u00a0; alignement du texte du corps\u00a0: gauche\u00a0; hauteur de ligne du corps\u00a0: 1,2\u00a0em\u00a0; bouton personnalis\u00e9\u00a0: activ\u00e9\u00a0; taille du texte du bouton\u00a0: 18\u00a0px\u00a0; couleur du texte du bouton\u00a0: #ffffff\u00a0; couleur de fond du bouton\u00a0: rgba(0,0,0,0,39)\u00a0; largeur de la bordure du bouton\u00a0: 3\u00a0px\u00a0; rayon de la bordure du bouton\u00a0: 6\u00a0px\u00a0; espacement des lettres du bouton\u00a0: -2\u00a0px\u00a0; police du bouton\u00a0: Havelock Solid\u00a0; ic\u00f4ne du bouton\u00a0: divi400\u00a0; alignement du bouton\u00a0: centr\u00e9\u00a0; marge personnalis\u00e9e\u00a0: 50\u00a0px\u00a0; remplissage personnalis\u00e9\u00a0: custom_padding_tablet=&quot;||&quot; custom_padding_phone=&quot;||80px&quot; custom_padding_last_edited=&quot;on|phone&quot; custom_css_slide_description=&quot;position: absolute;||bottom: -90px;&quot; custom_css_slide_button=&quot;position: relative;||bottom: 15px;||margin-left: auto;&quot; box_shadow_style=\u201dpreset5\u2033 box_shadow_vertical=\u201d-1px\u201d box_shadow_spread=\u201d12px\u201d box_shadow_color=\u201d#ffffff\u201d global_colors_info=\u201d{}\u201d][\/et_pb_post_slider][et_pb_post_slider posts_number=\u201d3\u2033 include_categories=\u201d18\u2033 show_pagination=\u201doff\u201d excerpt_length=\u201d120\u2033 show_meta=\u201doff\u201d use_bg_overlay=\u201doff\u201d use_text_overlay=\u201don\u201d text_overlay_color=\u201drgba(0,0,0,0.55)\u201d _builder_version=\u201d4.16\u2033 header_level=\u201dh1\u2033 header_font=\u201dHavelock Solid||||||||\u201d Couleur du texte de l&#039;en-t\u00eate\u00a0: #ffffff\u00a0; taille de la police de l&#039;en-t\u00eate\u00a0: 20\u00a0px\u00a0; espacement des lettres de l&#039;en-t\u00eate\u00a0: -2\u00a0px\u00a0; police du corps\u00a0: Sequel Body Bold Text\u00a0; alignement du texte du corps\u00a0: gauche\u00a0; hauteur de ligne du corps\u00a0: 1,2\u00a0em\u00a0; bouton personnalis\u00e9\u00a0: activ\u00e9\u00a0; taille du texte du bouton\u00a0: 18\u00a0px\u00a0; couleur du texte du bouton\u00a0: #ffffff\u00a0; couleur de fond du bouton\u00a0: rgba(0,0,0,0,39)\u00a0; largeur de la bordure du bouton\u00a0: 3\u00a0px\u00a0; rayon de la bordure du bouton\u00a0: 6\u00a0px\u00a0; espacement des lettres du bouton\u00a0: -2\u00a0px\u00a0; police du bouton\u00a0: Havelock Solid\u00a0; ic\u00f4ne du bouton\u00a0: divi400\u00a0; alignement du bouton\u00a0: centr\u00e9\u00a0; marge personnalis\u00e9e\u00a0: 50\u00a0px\u00a0; remplissage personnalis\u00e9\u00a0: custom_padding_tablet=&quot;||&quot; custom_padding_phone=&quot;||80px&quot; custom_padding_last_edited=&quot;on|phone&quot; custom_css_slide_description=&quot;position: absolute;||bottom: -90px;&quot; custom_css_slide_button=&quot;position: relative;||bottom: 15px;||margin-left: auto;&quot; box_shadow_style=&quot;preset5&quot; box_shadow_vertical=&quot;-1px&quot; box_shadow_spread=&quot;12px&quot; box_shadow_color=&quot;#ffffff&quot; global_colors_info=&quot;{}&quot;][\/et_pb_post_slider][\/et_pb_column][\/et_pb_row][\/et_pb_section][et_pb_section fb_built=&quot;1&quot; _builder_version=&quot;4.16&quot; use_background_color_gradient=&quot;on&quot; background_color_gradient_direction=&quot;164deg&quot; background_color_gradient_stops=&quot;#ffffff 50%|#fcd21d 50%&quot; background_color_gradient_start=&quot;#ffffff&quot; background_color_gradient_start_position=&quot;50%&quot; background_color_gradient_end=\u201d#fcd21d\u201d background_color_gradient_end_position=\u201d50%\u201d custom_padding=\u201d0|0|0|0px|false|false\u201d global_colors_info=\u201d{}\u201d][et_pb_row column_structure=\u201d1_2,1_2\u2033 use_custom_gutter=\u201don\u201d gutter_width=\u201d2\u2033 make_equal=\u201don\u201d custom_padding_last_edited=\u201don|desktop\u201d module_class=\u201d et_pb_row_fullwidth\u201d _builder_version=\u201d4.16\u2033 width=\u201d94%\u201d width_tablet=\u201d80%\u201d width_phone=\u201d\u201d width_last_edited=\u201don|desktop\u201d max_width=\u201d94%\u201d max_width_tablet=&quot;80%&quot; max_width_phone=&quot;&quot; max_width_last_edited=&quot;on|desktop&quot; custom_padding=&quot;0|0px|0|0px|false|false&quot; custom_padding_tablet=&quot;&quot; custom_padding_phone=&quot;&quot; make_fullwidth=&quot;on&quot; global_colors_info=&quot;{}&quot;][et_pb_column type=&quot;1_2&quot; _builder_version=&quot;4.16&quot; custom_padding=&quot;|||&quot; global_colors_info=&quot;{}&quot; custom_padding__hover=&quot;|||&quot;][\/et_pb_column][et_pb_column type=&quot;1_2&quot; _builder_version=&quot;4.16&quot; custom_padding=&quot;|||&quot; global_colors_info=&quot;{}&quot; custom_padding__hover=&quot;|||&quot;][\/et_pb_column][\/et_pb_row][\/et_pb_section][et_pb_section fb_built=&quot;1&quot; _builder_version=&quot;4.16&quot; use_background_color_gradient=&quot;on&quot; background_color_gradient_direction=&quot;16deg&quot; background_color_gradient_stops=&quot;#ffffff 50%|#fcd21d 50%&quot; background_color_gradient_start=&quot;#ffffff&quot; background_color_gradient_start_position=&quot;50%&quot; background_color_gradient_end=&quot;#fcd21d&quot; background_color_gradient_end_position=&quot;50%&quot; custom_padding=\u201d0|0px|0|0px|false|false\u201d global_colors_info=\u201d{}\u201d][et_pb_row column_structure=\u201d1_2,1_2\u2033 use_custom_gutter=\u201don\u201d gutter_width=\u201d2\u2033 make_equal=\u201don\u201d custom_padding_last_edited=\u201don|desktop\u201d module_class=\u201d et_pb_row_fullwidth\u201d _builder_version=\u201d4.16\u2033 width=\u201d94%\u201d width_tablet=\u201d80%\u201d width_phone=\u201d\u201d width_last_edited=\u201don|desktop\u201d max_width=\u201d94%\u201d max_width_tablet=\u201d80%\u201d max_width_phone=\u201d\u201d max_width_last_edited=\u201don|desktop\u201d custom_padding=&quot;0|0px|0|0px|false|false&quot; custom_padding_tablet=&quot;&quot; custom_padding_phone=&quot;&quot; make_fullwidth=&quot;on&quot; global_colors_info=&quot;{}&quot;][et_pb_column type=&quot;1_2&quot; _builder_version=&quot;4.16&quot; custom_padding=&quot;|||&quot; global_colors_info=&quot;{}&quot; custom_padding__hover=&quot;|||&quot;][\/et_pb_column][et_pb_column type=&quot;1_2&quot; _builder_version=&quot;4.16&quot; custom_padding=&quot;|||&quot; global_colors_info=&quot;{}&quot; custom_padding__hover=&quot;|||&quot;][\/et_pb_column][\/et_pb_row][et_pb_row use_custom_gutter=&quot;on&quot; gutter_width=&quot;2&quot; make_equal=&quot;on&quot; custom_padding_last_edited=&quot;on|desktop&quot; module_class=&quot;et_pb_row_fullwidth&quot; _builder_version=&quot;4.16&quot; width=&quot;94%&quot; width_tablet=&quot;80%&quot; width_phone=&quot;&quot; width_last_edited=&quot;on|desktop&quot; max_width=&quot;94%&quot; max_width_tablet=&quot;80%&quot; max_width_phone=&quot;&quot; max_width_last_edited=&quot;on|desktop&quot; custom_padding=&quot;0|0px|0|0px|false|false&quot; custom_padding_tablet=&quot;&quot; custom_padding_phone=&quot;&quot; make_fullwidth=&quot;on&quot; global_colors_info=&quot;{}&quot;][et_pb_column type=&quot;4_4&quot; _builder_version=&quot;4.16&quot; custom_padding=&quot;|||&quot; global_colors_info=&quot;{}&quot; custom_padding__hover=&quot;|||&quot;][et_pb_post_slider posts_number=&quot;3&quot; include_categories=&quot;16&quot; show_pagination=&quot;off&quot; excerpt_length=&quot;120&quot; show_meta=&quot;off&quot; use_bg_overlay=&quot;off&quot; use_text_overlay=&quot;on&quot; text_overlay_color=&quot;rgba(0,0,0,0.55)&quot; _builder_version=&quot;4.16&quot; header_level=&quot;h1&quot; header_font=&quot;Havelock Solid||||||||&quot; header_text_color=&quot;#ffffff&quot; header_font_size=&quot;20px&quot; header_letter_spacing=&quot;-2px&quot; body_font=&quot;Sequel Body Bold Text||on||||||&quot; alignement_texte_corps=&quot;gauche&quot; taille_police_corps=&quot;13px&quot; hauteur_ligne_corps=&quot;1.2em&quot; bouton_personnalis\u00e9=&quot;activ\u00e9&quot; taille_texte_bouton=&quot;18px&quot; couleur_texte_bouton=&quot;#ffffff&quot; couleur_fond_bouton=&quot;rgba(0,0,0,0.39)&quot; largeur_bordure_bouton=&quot;3px&quot; rayon_bordure_bouton=&quot;6px&quot; espacement_lettres_bouton=&quot;-2px&quot; police_bouton=&quot;Havelock Solid||||||||&quot; button_icon=\u201d.||divi||400\u2033 button_alignment=\u201dcenter\u201d width=\u201d48%\u201d width_tablet=\u201d100%\u201d width_phone=\u201d\u201d width_last_edited=\u201don|desktop\u201d module_alignment=\u201dcenter\u201d custom_margin=\u201d||50px\u201d custom_padding=\u201d||\u201d custom_padding_tablet=\u201d||\u201d custom_padding_phone=\u201d||80px\u201d custom_padding_last_edited=\u201don|phone\u201d custom_css_slide_description=\u201dposition: absolute;||bottom: -90px;\u201d custom_css_slide_button=\u201dposition: relative;||bottom: 15px;||margin-left: auto;\u201d box_shadow_style=\u201dpreset5\u2033 box_shadow_vertical=\u201d-1px\u201d box_shadow_spread=\u201d12px\u201d box_shadow_color=\u201d#ffffff\u201d global_colors_info=\u201d{}\u201d][\/et_pb_post_slider][\/et_pb_column][\/et_pb_row][\/et_pb_section][et_pb_section fb_built=\u201d1\u2033 _builder_version=\u201d3.27.4\u2033 background_color=\u201d#fcd21d\u201d custom_margin=\u201d||||false|false\u201d custom_margin_tablet=\u201d||-52px|\u201d custom_margin_phone=&quot;||-52px&quot; custom_margin_last_edited=&quot;on|phone&quot; custom_padding=&quot;0px||0px||false|false&quot; box_shadow_style=&quot;preset1&quot; box_shadow_vertical=&quot;0px&quot; box_shadow_blur=&quot;6px&quot; global_module=&quot;4187&quot; saved_tabs=&quot;all&quot; global_colors_info=&quot;{}&quot;][et_pb_row use_custom_gutter=&quot;on&quot; gutter_width=&quot;2&quot; custom_padding_last_edited=&quot;on|desktop&quot; module_class=&quot;et_pb_row_fullwidth&quot; _builder_version=&quot;4.16&quot; width=&quot;94%&quot; width_tablet=&quot;80%&quot; width_phone=&quot;&quot; width_last_edited=&quot;on|desktop&quot; max_width=&quot;94%&quot; max_width_tablet=&quot;80%&quot; max_width_phone=&quot;&quot; max_width_last_edited=&quot;on|desktop&quot; custom_padding=&quot;0|0px|0px|0px|false|false&quot; custom_padding_tablet=&quot;&quot; custom_padding_phone=&quot;&quot; make_fullwidth=&quot;on&quot; global_colors_info=&quot;{}&quot;][et_pb_column type=&quot;4_4&quot; _builder_version=&quot;4.16&quot; custom_padding=&quot;|||&quot; global_colors_info=&quot;{}&quot; custom_padding__hover=&quot;|||&quot;][et_pb_signup provider=&quot;hubspot&quot; hubspot_list=&quot;PLACE team|11&quot; success_message=&quot;Merci ! Nous vous contacterons.&quot; titre=&quot;Ne manquez pas les derni\u00e8res nouvelles&quot; texte_du_bouton=&quot;Je m&#039;inscris !&quot; description=&quot;&quot;<\/p>\n<p>Nous serions ravis de vous tenir au courant des belles histoires de PLACE et au-del\u00e0. Nous prendrons grand soin de vos donn\u00e9es et ne vous enverrons que des r\u00e9sum\u00e9s mensuels et des notifications d&#039;\u00e9v\u00e9nements. Vous pouvez vous d\u00e9sabonner \u00e0 tout moment.<\/p>\n<p>\u201d module_id=\u201dskinny\u201d _builder_version=\u201d4.16\u2033 header_font=\u201dHavelock Solid||||||||\u201d header_font_size=\u201d22px\u201d header_letter_spacing=\u201d-2px\u201d body_font=\u201dCorps romain de la suite||||||||\u201d body_font_size=\u201d16px\u201d body_line_height=\u201d1.2em\u201d result_message_font=\u201d||||||||\u201d form_field_font=\u201dCorps romain de la suite||||||||\u201d form_field_text_align=\u201dcenter\u201d form_field_font_size=\u201d14px\u201d custom_button=\u201don\u201d button_text_size=\u201d20px\u201d button_text_color=\u201d#ffffff\u201d button_border_width=\u201d3px\u201d button_border_radius=\u201d9px\u201d button_font=\u201dSuite Roman Body|600|||||||\u201d button_icon=\u201d\ue09e||divi||400\u2033 custom_padding=\u201d||\u201d border_radii_fields=\u201don|5px|5px|5px|5px\u201d border_width_all_fields=\u201d3px\u201d border_color_all_fields=\u201d#ffffff\u201d global_colors_info=\u201d{}\u201d][\/et_pb_signup][\/et_pb_column][\/et_pb_row][\/et_pb_section]<\/p>","protected":false},"excerpt":{"rendered":"","protected":false},"author":1,"featured_media":0,"parent":0,"menu_order":0,"comment_status":"closed","ping_status":"closed","template":"","meta":{"_et_pb_use_builder":"on","_et_pb_old_content":"","_et_gb_content_width":"","_monsterinsights_skip_tracking":false,"_monsterinsights_sitenote_active":false,"_monsterinsights_sitenote_note":"","_monsterinsights_sitenote_category":0,"footnotes":""},"yoast_head":"<!-- This site is optimized with the Yoast SEO plugin v21.5 - https:\/\/yoast.com\/wordpress\/plugins\/seo\/ -->\n<title>Stories of PLACE - PLACE<\/title>\n<meta name=\"robots\" content=\"index, follow, max-snippet:-1, max-image-preview:large, max-video-preview:-1\" \/>\n<link rel=\"canonical\" href=\"https:\/\/place-network.org\/fr\/stories\/\" \/>\n<meta property=\"og:locale\" content=\"fr_FR\" \/>\n<meta property=\"og:type\" content=\"article\" \/>\n<meta property=\"og:title\" content=\"Stories of PLACE - PLACE\" \/>\n<meta property=\"og:url\" content=\"https:\/\/place-network.org\/fr\/stories\/\" \/>\n<meta property=\"og:site_name\" content=\"PLACE\" \/>\n<meta property=\"article:modified_time\" content=\"2026-03-05T11:58:57+00:00\" \/>\n<meta name=\"twitter:card\" content=\"summary_large_image\" \/>\n<meta name=\"twitter:label1\" content=\"Dur\u00e9e de lecture estim\u00e9e\" \/>\n\t<meta name=\"twitter:data1\" content=\"11 minutes\" \/>\n<script type=\"application\/ld+json\" class=\"yoast-schema-graph\">{\"@context\":\"https:\/\/schema.org\",\"@graph\":[{\"@type\":\"WebPage\",\"@id\":\"https:\/\/place-network.org\/stories\/\",\"url\":\"https:\/\/place-network.org\/stories\/\",\"name\":\"Stories of PLACE - PLACE\",\"isPartOf\":{\"@id\":\"https:\/\/place-network.org\/#website\"},\"datePublished\":\"2019-08-05T23:22:11+00:00\",\"dateModified\":\"2026-03-05T11:58:57+00:00\",\"breadcrumb\":{\"@id\":\"https:\/\/place-network.org\/stories\/#breadcrumb\"},\"inLanguage\":\"fr-FR\",\"potentialAction\":[{\"@type\":\"ReadAction\",\"target\":[\"https:\/\/place-network.org\/stories\/\"]}]},{\"@type\":\"BreadcrumbList\",\"@id\":\"https:\/\/place-network.org\/stories\/#breadcrumb\",\"itemListElement\":[{\"@type\":\"ListItem\",\"position\":1,\"name\":\"Home\",\"item\":\"https:\/\/place-network.org\/\"},{\"@type\":\"ListItem\",\"position\":2,\"name\":\"Stories of PLACE\"}]},{\"@type\":\"WebSite\",\"@id\":\"https:\/\/place-network.org\/#website\",\"url\":\"https:\/\/place-network.org\/\",\"name\":\"PLACE\",\"description\":\"Migrant-led innovation\",\"potentialAction\":[{\"@type\":\"SearchAction\",\"target\":{\"@type\":\"EntryPoint\",\"urlTemplate\":\"https:\/\/place-network.org\/?s={search_term_string}\"},\"query-input\":\"required name=search_term_string\"}],\"inLanguage\":\"fr-FR\"}]}<\/script>\n<!-- \/ Yoast SEO plugin. -->","yoast_head_json":{"title":"Stories of PLACE - PLACE","robots":{"index":"index","follow":"follow","max-snippet":"max-snippet:-1","max-image-preview":"max-image-preview:large","max-video-preview":"max-video-preview:-1"},"canonical":"https:\/\/place-network.org\/fr\/stories\/","og_locale":"fr_FR","og_type":"article","og_title":"Stories of PLACE - PLACE","og_url":"https:\/\/place-network.org\/fr\/stories\/","og_site_name":"PLACE","article_modified_time":"2026-03-05T11:58:57+00:00","twitter_card":"summary_large_image","twitter_misc":{"Dur\u00e9e de lecture estim\u00e9e":"11 minutes"},"schema":{"@context":"https:\/\/schema.org","@graph":[{"@type":"WebPage","@id":"https:\/\/place-network.org\/stories\/","url":"https:\/\/place-network.org\/stories\/","name":"Stories of PLACE - PLACE","isPartOf":{"@id":"https:\/\/place-network.org\/#website"},"datePublished":"2019-08-05T23:22:11+00:00","dateModified":"2026-03-05T11:58:57+00:00","breadcrumb":{"@id":"https:\/\/place-network.org\/stories\/#breadcrumb"},"inLanguage":"fr-FR","potentialAction":[{"@type":"ReadAction","target":["https:\/\/place-network.org\/stories\/"]}]},{"@type":"BreadcrumbList","@id":"https:\/\/place-network.org\/stories\/#breadcrumb","itemListElement":[{"@type":"ListItem","position":1,"name":"Home","item":"https:\/\/place-network.org\/"},{"@type":"ListItem","position":2,"name":"Stories of PLACE"}]},{"@type":"WebSite","@id":"https:\/\/place-network.org\/#website","url":"https:\/\/place-network.org\/","name":"PLACE","description":"Migrant-led innovation","potentialAction":[{"@type":"SearchAction","target":{"@type":"EntryPoint","urlTemplate":"https:\/\/place-network.org\/?s={search_term_string}"},"query-input":"required name=search_term_string"}],"inLanguage":"fr-FR"}]}},"_links":{"self":[{"href":"https:\/\/place-network.org\/fr\/wp-json\/wp\/v2\/pages\/4171"}],"collection":[{"href":"https:\/\/place-network.org\/fr\/wp-json\/wp\/v2\/pages"}],"about":[{"href":"https:\/\/place-network.org\/fr\/wp-json\/wp\/v2\/types\/page"}],"author":[{"embeddable":true,"href":"https:\/\/place-network.org\/fr\/wp-json\/wp\/v2\/users\/1"}],"replies":[{"embeddable":true,"href":"https:\/\/place-network.org\/fr\/wp-json\/wp\/v2\/comments?post=4171"}],"version-history":[{"count":42,"href":"https:\/\/place-network.org\/fr\/wp-json\/wp\/v2\/pages\/4171\/revisions"}],"predecessor-version":[{"id":15749,"href":"https:\/\/place-network.org\/fr\/wp-json\/wp\/v2\/pages\/4171\/revisions\/15749"}],"wp:attachment":[{"href":"https:\/\/place-network.org\/fr\/wp-json\/wp\/v2\/media?parent=4171"}],"curies":[{"name":"wp","href":"https:\/\/api.w.org\/{rel}","templated":true}]}}