{"id":6728,"date":"2020-03-10T14:55:14","date_gmt":"2020-03-10T14:55:14","guid":{"rendered":"http:\/\/place-network.org\/?page_id=6728"},"modified":"2025-05-19T10:36:56","modified_gmt":"2025-05-19T10:36:56","slug":"stay-in-touch","status":"publish","type":"page","link":"https:\/\/place-network.org\/fr\/stay-in-touch\/","title":{"rendered":"Restez en contact avec PLACE"},"content":{"rendered":"<p>[et_pb_section fb_built=\u201d1\u2033 _builder_version=\u201d4.16\u2033 background_color=\u201d#fcd21d\u201d global_colors_info=\u201d{}\u201d][et_pb_row _builder_version=\u201d4.16\u2033 background_enable_image=\u201doff\u201d max_width=\u201d100%\u201d custom_margin=\u201d||||false|false\u201d custom_padding=\u201d0px||0px||false|false\u201d background_last_edited=\u201don|desktop\u201d background_enable_image_tablet=\u201doff\u201d global_colors_info=\u201d{}\u201d][et_pb_column type=\u201d4_4\u2033 _builder_version=\u201d4.16\u2033 background_enable_image=\u201doff\u201d global_colors_info=\u201d{}\u201d][et_pb_text _builder_version=\u201d4.16\u2033 _module_preset=\u201ddefault\u201d header_font=\u201dCorps de la suite Texte en gras||||||||\u201d header_font_size=\u201d51px\u201d custom_margin=\u201d||-57px||false|false\u201d header_font_size_tablet=\u201d51px\u201d header_font_size_phone=\u201d24px\u201d header_font_size_last_edited=\u201don|phone\u201d global_colors_info=\u201d{}\u201d]<\/p>\n<h1 style=\"text-align: center;\">Restez en contact avec PLACE\u00a0!<\/h1>\n<p>[\/et_pb_text][\/et_pb_column][\/et_pb_row][\/et_pb_section][et_pb_section fb_built=\u201d1\u2033 _builder_version=\u201d4.16\u2033 background_color=\u201d#fcd21d\u201d global_colors_info=\u201d{}\u201d][et_pb_row column_structure=\u201d1_2,1_2\u2033 _builder_version=\u201d4.16\u2033 background_enable_image=\u201doff\u201d max_width=\u201d100%\u201d custom_margin=\u201d||||false|false\u201d custom_padding=\u201d0px||0px||false|false\u201d background_last_edited=\u201don|desktop\u201d background_enable_image_tablet=\u201doff\u201d global_colors_info=\u201d{}\u201d][et_pb_column type=\u201d1_2\u2033 _builder_version=\u201d4.16\u2033 background_enable_image=\u201doff\u201d global_colors_info=\u201d{}\u201d][et_pb_signup provider=\u201dsendinblue\u201d sendinblue_list=\u201dwelcome@place-networkorg|19\u2033 use_custom_fields=\u201don\u201d success_message=\u201dSuper\u00a0! Nous vous contacterons bient\u00f4t.\u201d button_text=\u201dInscription\u201d description=\u201d<\/p>\n<h4 style=\"%22text-align:\" left;%22><span style=\"%22font-family:\" 'sequel body bold text'; font-weight: normal; font-size: x-large;%22>Inscrivez-vous \u00e0 notre newsletter et restez inform\u00e9 !<\/span><\/h4>\n<p>&nbsp;<\/p>\n<div class=\"%22et_pb_newsletter_description%22\">\n<div>\n<p style=\"%22text-align:\" left;%22><span style=\"%22font-size:\" medium; font-family: montserrat; color: #0a0a0a;%22><span class=\"%22_fadeIn_m1hgl_8%22\">Rejoindre <\/span><em data-start=\"%22104%22\" data-end=\"%22121%22\"><span class=\"%22_fadeIn_m1hgl_8%22\">Le <\/span><span class=\"%22_fadeIn_m1hgl_8%22\">Haut-parleur<\/span><\/em><span class=\"%22_fadeIn_m1hgl_8%22\">, <\/span><span class=\"%22_fadeIn_m1hgl_8%22\">notre <\/span><span class=\"%22_fadeIn_m1hgl_8%22\">mensuel <\/span><span class=\"%22_fadeIn_m1hgl_8%22\">bulletin, <\/span><span class=\"%22_fadeIn_m1hgl_8%22\">et <\/span><span class=\"%22_fadeIn_m1hgl_8%22\">gagner <\/span><span class=\"%22_fadeIn_m1hgl_8%22\">acc\u00e9der <\/span><span class=\"%22_fadeIn_m1hgl_8%22\">\u00e0 <\/span><span class=\"%22_fadeIn_m1hgl_8%22\">pr\u00e9cieux <\/span><span class=\"%22_fadeIn_m1hgl_8%22\">ressources <\/span><span class=\"%22_fadeIn_m1hgl_8%22\">et <\/span><span class=\"%22_fadeIn_m1hgl_8%22\">mises \u00e0 jour <\/span><span class=\"%22_fadeIn_m1hgl_8%22\">\u00e0 <\/span><span class=\"%22_fadeIn_m1hgl_8%22\">aide <\/span><span class=\"%22_fadeIn_m1hgl_8%22\">toi <\/span><span class=\"%22_fadeIn_m1hgl_8%22\">naviguer <\/span><span class=\"%22_fadeIn_m1hgl_8%22\">passionnant <\/span><span class=\"%22_fadeIn_m1hgl_8%22\">opportunit\u00e9s. <\/span><span class=\"%22_fadeIn_m1hgl_8%22\">Comme <\/span><span class=\"%22_fadeIn_m1hgl_8%22\">un <\/span><span class=\"%22_fadeIn_m1hgl_8%22\">membre <\/span><span class=\"%22_fadeIn_m1hgl_8%22\">de <\/span><em data-start=\"%22257%22\" data-end=\"%22268%22\"><span class=\"%22_fadeIn_m1hgl_8%22\">Le <\/span><span class=\"%22_fadeIn_m1hgl_8%22\">LIEU<\/span><\/em><span class=\"%22_fadeIn_m1hgl_8%22\"> <\/span><span class=\"%22_fadeIn_m1hgl_8%22\">communaut\u00e9, <\/span><span class=\"%22_fadeIn_m1hgl_8%22\">tu vas <\/span><span class=\"%22_fadeIn_m1hgl_8%22\">rester <\/span><span class=\"%22_fadeIn_m1hgl_8%22\">connect\u00e9 <\/span><span class=\"%22_fadeIn_m1hgl_8%22\">avec <\/span><span class=\"%22_fadeIn_m1hgl_8%22\">comme-<\/span><span class=\"%22_fadeIn_m1hgl_8%22\">d&#039;esprit <\/span><span class=\"%22_fadeIn_m1hgl_8%22\">individus. <\/span><span class=\"%22_fadeIn_m1hgl_8%22\">Nous <\/span><span class=\"%22_fadeIn_m1hgl_8%22\">respect <\/span><span class=\"%22_fadeIn_m1hgl_8%22\">ton <\/span><span class=\"%22_fadeIn_m1hgl_8%22\">confidentialit\u00e9 <\/span><span class=\"%22_fadeIn_m1hgl_8%22\">et <\/span><span class=\"%22_fadeIn_m1hgl_8%22\">volont\u00e9 <\/span><span class=\"%22_fadeIn_m1hgl_8%22\">seulement <\/span><span class=\"%22_fadeIn_m1hgl_8%22\">envoyer <\/span><span class=\"%22_fadeIn_m1hgl_8%22\">toi <\/span><span class=\"%22_fadeIn_m1hgl_8%22\">mensuel <\/span><span class=\"%22_fadeIn_m1hgl_8%22\">r\u00e9sum\u00e9s <\/span><span class=\"%22_fadeIn_m1hgl_8%22\">et <\/span><span class=\"%22_fadeIn_m1hgl_8%22\">\u00e9v\u00e9nement <\/span><span class=\"%22_fadeIn_m1hgl_8%22\">notifications. <\/span><span class=\"%22_fadeIn_m1hgl_8%22\">Toi <\/span><span class=\"%22_fadeIn_m1hgl_8%22\">peut <\/span><span class=\"%22_fadeIn_m1hgl_8%22\">se d\u00e9sabonner <\/span><span class=\"%22_fadeIn_m1hgl_8%22\">\u00e0 <\/span><span class=\"%22_fadeIn_m1hgl_8%22\">n&#039;importe lequel <\/span><span class=\"%22_fadeIn_m1hgl_8%22\">temps.<\/span><\/span><\/p>\n<\/div>\n<\/div>\n<div class=\"%22et_pb_newsletter_form%22\" style=\"%22text-align:\" left;%22>\n<form method=\"%22post%22\" action=\"\">\n<div class=\"%22et_pb_newsletter_fields%22\"><\/div>\n<input type=\"hidden\" name=\"trp-form-language\" value=\"fr\"\/><\/form>\n<\/div>\n<p>&quot; description_tablet = &quot; &quot; description_phone = &quot;<\/p>\n<p style=\"%22text-align:\" center;%22>Nous disposons d\u2019une communaut\u00e9 florissante de personnes int\u00e9ress\u00e9es \u00e0 lier la migration \u00e0 l\u2019innovation.<\/p>\n<p style=\"%22text-align:\" center;%22>Faites-en partie.<\/p>\n<p>\u201d description_last_edited=\u201don|desktop\u201d _builder_version=\u201d4.16\u2033 header_font=\u201dTexte en gras du corps de la suite||||||||\u201d body_font=\u201dTexte en gras du corps de la suite||||||||\u201d body_text_align=\u201dcenter\u201d body_font_size=\u201d19px\u201d body_line_height=\u201d1.5em\u201d result_message_font=\u201dTexte en gras du corps de la suite||||||||\u201d result_message_text_align=\u201dright\u201d result_message_font_size=\u201d30px\u201d custom_button=\u201don\u201d text_orientation=\u201dright\u201d custom_margin=\u201d|-26px||-36px|false|false\u201d header_font_size_tablet=\u201d\u201d header_font_size_phone=\u201d52px\u201d header_font_size_last_edited=\u201don|phone\u201d body_font_size_tablet=\u201d19px\u201d body_font_size_phone=\u201d22px\u201d body_font_size_last_edited=\u201don|phone\u201d inline_fonts=\u201dCorps de la suite Texte en gras,Corps de la suite Roman,Montserrat\u201d global_colors_info=\u201d{}\u201d][\/et_pb_signup][\/et_pb_column][et_pb_column type=\u201d1_2\u2033 _builder_version=\u201d4.16\u2033 background_enable_image=\u201doff\u201d global_colors_info=\u201d{}\u201d][et_pb_image src=\u201dhttps:\/\/place-network.org\/wp-content\/uploads\/2023\/01\/IMG_0026.jpg\u201d title_text=\u201dIMG_0026\u2033 disabled_on=\u201don|off|off\u201d _builder_version=\u201d4.16\u2033 _module_preset=\u201ddefault\u201d custom_margin=\u201d23px|-152px||-36px|false|false\u201d custom_margin_tablet=\u201d44px|-152px||-36px|false|false\u201d custom_margin_phone=\u201d27px|-152px||-36px|false|false\u201d custom_margin_last_edited=\u201don|phone\u201d global_colors_info=\u201d{}\u201d][\/et_pb_image][\/et_pb_column][\/et_pb_row][\/et_pb_section][et_pb_section fb_built=\u201d1\u2033 _builder_version=\u201d4.16\u2033 background_enable_color=\u201doff\u201d global_colors_info=\u201d{}\u201d][et_pb_row column_structure=\u201d1_2,1_2\u2033 _builder_version=\u201d4.16\u2033 _module_preset=\u201ddefault\u201d global_colors_info=\u201d{}\u201d][et_pb_column type=\u201d1_2\u2033 _builder_version=\u201d4.16\u2033 _module_preset=\u201ddefault\u201d global_colors_info=\u201d{}\u201d][et_pb_text _builder_version=\u201d4.16\u2033 _module_preset=\u201ddefault\u201d header_2_font=\u201dMontserrat|800|||||||\u201d header_2_font_size=\u201d25px\u201d header_2_line_height=\u201d1.1em\u201d text_orientation=\u201dcenter\u201d custom_margin=\u201d-1px||6px|-40px|false|false\u201d custom_margin_tablet=\u201d-1px||6px|-40px|false|false\u201d custom_margin_phone=\u201d-1px||6px|0px|false|false\u201d custom_margin_last_edited=\u201don|phone\u201d global_colors_info=\u201d{}\u201d]<\/p>\n<h2>\u00c9crivez-nous pour toute question ou remarque<\/h2>\n<p>[\/et_pb_text][et_pb_button button_url=\u201dmailto:welcome@place-network.org\u201d url_new_window=\u201don\u201d button_text=\u201dContactez-nous\u201d button_alignment=\u201dcenter\u201d admin_label=\u201dButton\u201d _builder_version=\u201d4.16\u2033 _module_preset=\u201ddefault\u201d custom_button=\u201don\u201d button_text_size=\u201d23px\u201d button_text_color=\u201d#FFFFFF\u201d button_bg_color=\u201d#E95226\u2033 button_border_width=\u201d3px\u201d button_border_color=\u201d#E95226\u2033 button_border_radius=\u201d14px\u201d button_letter_spacing=\u201d0px\u201d button_font=\u201dMontserrat|700|||||||\u201d custom_margin=\u201d29px|||-20px|false|false\u201d custom_margin_tablet=\u201d29px|||-20px|false|false\u201d custom_margin_phone=\u201d22px|||0px|false|false\u201d custom_margin_last_edited=\u201don|phone\u201d global_colors_info=\u201d{}\u201d][\/et_pb_button][\/et_pb_column][et_pb_column type=\u201d1_2\u2033 _builder_version=\u201d4.16\u2033 _module_preset=\u201ddefault\u201d global_colors_info=\u201d{}\u201d][et_pb_icon font_icon=\u201d\uf658||fa||900\u2033 icon_width=\u201d127px\u201d url=\u201dmailto:welcome@place-network.rog\u201d url_new_window=\u201don\u201d disabled_on=\u201don|off|off\u201d _builder_version=\u201d4.16\u2033 _module_preset=\u201ddefault\u201d custom_margin=\u201d|-12px||27px|false|false\u201d global_colors_info=\u201d{}\u201d][\/et_pb_icon][\/et_pb_column][\/et_pb_row][\/et_pb_section][et_pb_section fb_built=\u201d1\u2033 _builder_version=\u201d4.16\u2033 background_color=\u201d#e95226\u2033 custom_margin=\u201d||-81px||false|false\u201d global_colors_info=\u201d{}\u201d][et_pb_row _builder_version=\u201d4.16\u2033 _module_preset=\u201ddefault\u201d custom_margin=\u201d||13px||false|false\u201d global_colors_info=\u201d{}\u201d][et_pb_column type=\u201d4_4\u2033 _builder_version=\u201d4.16\u2033 _module_preset=\u201ddefault\u201d global_colors_info=\u201d{}\u201d][et_pb_text _builder_version=\u201d4.16\u2033 _module_preset=\u201ddefault\u201d header_font=\u201dSuite Corps romain||||||||\u201d header_3_font=\u201dMontserrat|700|||||||\u201d header_3_text_align=\u201dcenter\u201d header_3_text_color=\u201d#FFFFFF\u201d custom_margin=\u201d-51px||||false|false\u201d custom_margin_tablet=\u201d-51px||||false|false\u201d custom_margin_phone=\u201d-19px||||false|false\u201d custom_margin_last_edited=\u201don|phone\u201d custom_padding=\u201d13px||||false|false\u201d global_colors_info=\u201d{}\u201d]<\/p>\n<h3>Suivez-nous sur les r\u00e9seaux sociaux et restez \u00e0 l&#039;\u00e9coute !<\/h3>\n<p>[\/et_pb_text][\/et_pb_column][\/et_pb_row][et_pb_row column_structure=\u201d1_3,1_3,1_3\u2033 disabled_on=\u201doff|off|on\u201d _builder_version=\u201d4.16\u2033 _module_preset=\u201ddefault\u201d global_colors_info=\u201d{}\u201d][et_pb_column type=\u201d1_3\u2033 _builder_version=\u201d4.16\u2033 _module_preset=\u201ddefault\u201d global_colors_info=\u201d{}\u201d][et_pb_icon font_icon=\u201d\ue0c8||divi||400\u2033 url=\u201dhttps:\/\/www.instagram.com\/place.network\/\u201d url_new_window=\u201don\u201d icon_width_tablet=\u201d\u201d icon_width_phone=\u201d65px\u201d icon_width_last_edited=\u201don|phone\u201d _builder_version=\u201d4.16\u2033 _module_preset=\u201ddefault\u201d global_colors_info=\u201d{}\u201d][\/et_pb_icon][\/et_pb_column][et_pb_column type=\u201d1_3\u2033 _builder_version=\u201d4.16\u2033 _module_preset=\u201ddefault\u201d global_colors_info=\u201d{}\u201d][et_pb_icon font_icon=\u201d\ue0cb||divi||400\u2033 icon_width=\u201d65px\u201d url=\u201dhttps:\/\/www.linkedin.com\/company\/18972300\/admin\/\u201d url_new_window=\u201don\u201d _builder_version=\u201d4.16\u2033 _module_preset=\u201ddefault\u201d global_colors_info=\u201d{}\u201d][\/et_pb_icon][\/et_pb_column][et_pb_column type=\u201d1_3\u2033 _builder_version=\u201d4.16\u2033 _module_preset=\u201ddefault\u201d global_colors_info=\u201d{}\u201d][et_pb_icon font_icon=\u201d\ue0c1||divi||400\u2033 icon_width=\u201d65px\u201d url=\u201dhttps:\/\/www.facebook.com\/PLACENetwork\u201d url_new_window=\u201don\u201d _builder_version=\u201d4.16\u2033 _module_preset=\u201ddefault\u201d global_colors_info=\u201d{}\u201d][\/et_pb_icon][\/et_pb_column][\/et_pb_row][\/et_pb_section][et_pb_section fb_built=\u201d1\u2033 disabled_on=\u201don|on|off\u201d _builder_version=\u201d4.16\u2033 _module_preset=\u201ddefault\u201d background_color=\u201d#e95226\u2033 custom_margin=\u201d-26px||||false|false\u201d custom_padding=\u201d18px||||false|false\u201d global_colors_info=\u201d{}\u201d][et_pb_row column_structure=\u201d1_3,1_3,1_3\u2033 disabled_on=\u201don|off|off\u201d _builder_version=\u201d4.16\u2033 _module_preset=\u201ddefault\u201d global_colors_info=\u201d{}\u201d][et_pb_column type=\u201d1_3\u2033 _builder_version=\u201d4.16\u2033 _module_preset=\u201ddefault\u201d global_colors_info=\u201d{}\u201d][et_pb_icon font_icon=\u201d\ue0c8||divi||400\u2033 url=\u201dhttps:\/\/www.instagram.com\/place.network\/\u201d url_new_window=\u201don\u201d icon_width_tablet=\u201d\u201d icon_width_phone=\u201d72px\u201d icon_width_last_edited=\u201don|phone\u201d _builder_version=\u201d4.16\u2033 _module_preset=\u201ddefault\u201d custom_margin=\u201d|||297px|false|false\u201d custom_margin_tablet=\u201d|||297px|false|false\u201d custom_margin_phone=\u201d48px||-14px|270px|false|false\u201d custom_margin_last_edited=\u201don|phone\u201d global_colors_info=\u201d{}\u201d][\/et_pb_icon][\/et_pb_column][et_pb_column type=\u201d1_3\u2033 _builder_version=\u201d4.16\u2033 _module_preset=\u201ddefault\u201d global_colors_info=\u201d{}\u201d][et_pb_icon font_icon=\u201d\ue0cb||divi||400\u2033 url=\u201dhttps:\/\/www.linkedin.com\/company\/18972300\/admin\/\u201d url_new_window=\u201don\u201d icon_width_tablet=\u201d\u201d icon_width_phone=\u201d79px\u201d icon_width_last_edited=\u201don|phone\u201d _builder_version=\u201d4.16\u2033 _module_preset=\u201ddefault\u201d custom_margin=\u201d|||64px|false|false\u201d custom_margin_tablet=\u201d|||64px|false|false\u201d custom_margin_phone=\u201d-127px||-44px|23px|false|false\u201d custom_margin_last_edited=\u201don|phone\u201d custom_padding=\u201d0px||||false|false\u201d global_colors_info=\u201d{}\u201d][\/et_pb_icon][\/et_pb_column][et_pb_column type=\u201d1_3\u2033 _builder_version=\u201d4.16\u2033 _module_preset=\u201ddefault\u201d global_colors_info=\u201d{}\u201d][et_pb_icon font_icon=\u201d\ue0c1||divi||400\u2033 url=\u201dhttps:\/\/www.facebook.com\/PLACENetwork\/\u201d url_new_window=\u201don\u201d icon_width_tablet=\u201d\u201d icon_width_phone=\u201d83px\u201d icon_width_last_edited=\u201don|phone\u201d _builder_version=\u201d4.16\u2033 _module_preset=\u201ddefault\u201d custom_margin=\u201d|261px|||false|false\u201d custom_margin_tablet=\u201d|261px|||false|false\u201d custom_margin_phone=\u201d-118px||-32px||false|false\u201d custom_margin_last_edited=\u201don|phone\u201d custom_padding=\u201d|39px||0px|false|false\u201d global_colors_info=\u201d{}\u201d][\/et_pb_icon][\/et_pb_column][\/et_pb_row][\/et_pb_section]<\/p>","protected":false},"excerpt":{"rendered":"<p>Restez en contact avec PLACE\u00a0! \u00c9crivez-nous pour toute question ou remarque. Suivez-nous sur les r\u00e9seaux sociaux et restez \u00e0 l&#039;\u00e9coute\u00a0!<\/p>","protected":false},"author":1,"featured_media":0,"parent":0,"menu_order":0,"comment_status":"closed","ping_status":"closed","template":"","meta":{"_et_pb_use_builder":"on","_et_pb_old_content":"","_et_gb_content_width":"","_monsterinsights_skip_tracking":false,"_monsterinsights_sitenote_active":false,"_monsterinsights_sitenote_note":"","_monsterinsights_sitenote_category":0,"footnotes":""},"yoast_head":"<!-- This site is optimized with the Yoast SEO plugin v21.5 - https:\/\/yoast.com\/wordpress\/plugins\/seo\/ -->\n<title>Stay in touch with PLACE - PLACE<\/title>\n<meta name=\"robots\" content=\"index, follow, max-snippet:-1, max-image-preview:large, max-video-preview:-1\" \/>\n<link rel=\"canonical\" href=\"https:\/\/place-network.org\/fr\/stay-in-touch\/\" \/>\n<meta property=\"og:locale\" content=\"fr_FR\" \/>\n<meta property=\"og:type\" content=\"article\" \/>\n<meta property=\"og:title\" content=\"Stay in touch with PLACE - PLACE\" \/>\n<meta property=\"og:description\" content=\"Stay in touch with PLACE!Drop us a line for any question or remarkFollow us on social media and stay tuned!\" \/>\n<meta property=\"og:url\" content=\"https:\/\/place-network.org\/fr\/stay-in-touch\/\" \/>\n<meta property=\"og:site_name\" content=\"PLACE\" \/>\n<meta property=\"article:modified_time\" content=\"2025-05-19T10:36:56+00:00\" \/>\n<meta name=\"twitter:card\" content=\"summary_large_image\" \/>\n<meta name=\"twitter:label1\" content=\"Dur\u00e9e de lecture estim\u00e9e\" \/>\n\t<meta name=\"twitter:data1\" content=\"7 minutes\" \/>\n<script type=\"application\/ld+json\" class=\"yoast-schema-graph\">{\"@context\":\"https:\/\/schema.org\",\"@graph\":[{\"@type\":\"WebPage\",\"@id\":\"https:\/\/place-network.org\/stay-in-touch\/\",\"url\":\"https:\/\/place-network.org\/stay-in-touch\/\",\"name\":\"Stay in touch with PLACE - PLACE\",\"isPartOf\":{\"@id\":\"https:\/\/place-network.org\/#website\"},\"datePublished\":\"2020-03-10T14:55:14+00:00\",\"dateModified\":\"2025-05-19T10:36:56+00:00\",\"breadcrumb\":{\"@id\":\"https:\/\/place-network.org\/stay-in-touch\/#breadcrumb\"},\"inLanguage\":\"fr-FR\",\"potentialAction\":[{\"@type\":\"ReadAction\",\"target\":[\"https:\/\/place-network.org\/stay-in-touch\/\"]}]},{\"@type\":\"BreadcrumbList\",\"@id\":\"https:\/\/place-network.org\/stay-in-touch\/#breadcrumb\",\"itemListElement\":[{\"@type\":\"ListItem\",\"position\":1,\"name\":\"Home\",\"item\":\"https:\/\/place-network.org\/\"},{\"@type\":\"ListItem\",\"position\":2,\"name\":\"Stay in touch with PLACE\"}]},{\"@type\":\"WebSite\",\"@id\":\"https:\/\/place-network.org\/#website\",\"url\":\"https:\/\/place-network.org\/\",\"name\":\"PLACE\",\"description\":\"Migrant-led innovation\",\"potentialAction\":[{\"@type\":\"SearchAction\",\"target\":{\"@type\":\"EntryPoint\",\"urlTemplate\":\"https:\/\/place-network.org\/?s={search_term_string}\"},\"query-input\":\"required name=search_term_string\"}],\"inLanguage\":\"fr-FR\"}]}<\/script>\n<!-- \/ Yoast SEO plugin. -->","yoast_head_json":{"title":"Stay in touch with PLACE - PLACE","robots":{"index":"index","follow":"follow","max-snippet":"max-snippet:-1","max-image-preview":"max-image-preview:large","max-video-preview":"max-video-preview:-1"},"canonical":"https:\/\/place-network.org\/fr\/stay-in-touch\/","og_locale":"fr_FR","og_type":"article","og_title":"Stay in touch with PLACE - PLACE","og_description":"Stay in touch with PLACE!Drop us a line for any question or remarkFollow us on social media and stay tuned!","og_url":"https:\/\/place-network.org\/fr\/stay-in-touch\/","og_site_name":"PLACE","article_modified_time":"2025-05-19T10:36:56+00:00","twitter_card":"summary_large_image","twitter_misc":{"Dur\u00e9e de lecture estim\u00e9e":"7 minutes"},"schema":{"@context":"https:\/\/schema.org","@graph":[{"@type":"WebPage","@id":"https:\/\/place-network.org\/stay-in-touch\/","url":"https:\/\/place-network.org\/stay-in-touch\/","name":"Stay in touch with PLACE - PLACE","isPartOf":{"@id":"https:\/\/place-network.org\/#website"},"datePublished":"2020-03-10T14:55:14+00:00","dateModified":"2025-05-19T10:36:56+00:00","breadcrumb":{"@id":"https:\/\/place-network.org\/stay-in-touch\/#breadcrumb"},"inLanguage":"fr-FR","potentialAction":[{"@type":"ReadAction","target":["https:\/\/place-network.org\/stay-in-touch\/"]}]},{"@type":"BreadcrumbList","@id":"https:\/\/place-network.org\/stay-in-touch\/#breadcrumb","itemListElement":[{"@type":"ListItem","position":1,"name":"Home","item":"https:\/\/place-network.org\/"},{"@type":"ListItem","position":2,"name":"Stay in touch with PLACE"}]},{"@type":"WebSite","@id":"https:\/\/place-network.org\/#website","url":"https:\/\/place-network.org\/","name":"PLACE","description":"Migrant-led innovation","potentialAction":[{"@type":"SearchAction","target":{"@type":"EntryPoint","urlTemplate":"https:\/\/place-network.org\/?s={search_term_string}"},"query-input":"required name=search_term_string"}],"inLanguage":"fr-FR"}]}},"_links":{"self":[{"href":"https:\/\/place-network.org\/fr\/wp-json\/wp\/v2\/pages\/6728"}],"collection":[{"href":"https:\/\/place-network.org\/fr\/wp-json\/wp\/v2\/pages"}],"about":[{"href":"https:\/\/place-network.org\/fr\/wp-json\/wp\/v2\/types\/page"}],"author":[{"embeddable":true,"href":"https:\/\/place-network.org\/fr\/wp-json\/wp\/v2\/users\/1"}],"replies":[{"embeddable":true,"href":"https:\/\/place-network.org\/fr\/wp-json\/wp\/v2\/comments?post=6728"}],"version-history":[{"count":18,"href":"https:\/\/place-network.org\/fr\/wp-json\/wp\/v2\/pages\/6728\/revisions"}],"predecessor-version":[{"id":15228,"href":"https:\/\/place-network.org\/fr\/wp-json\/wp\/v2\/pages\/6728\/revisions\/15228"}],"wp:attachment":[{"href":"https:\/\/place-network.org\/fr\/wp-json\/wp\/v2\/media?parent=6728"}],"curies":[{"name":"wp","href":"https:\/\/api.w.org\/{rel}","templated":true}]}}